{"id":1041,"date":"2018-11-29T18:54:53","date_gmt":"2018-11-29T18:54:53","guid":{"rendered":"https:\/\/corposalud.merida.gob.ve\/?page_id=1041"},"modified":"2022-05-14T20:10:58","modified_gmt":"2022-05-14T20:10:58","slug":"quienes-somos","status":"publish","type":"page","link":"https:\/\/corposalud.merida.gob.ve\/index.php\/quienes-somos\/","title":{"rendered":"Quienes Somos?"},"content":{"rendered":"\t\t<div data-elementor-type=\"wp-post\" data-elementor-id=\"1041\" class=\"elementor elementor-1041\" data-elementor-post-type=\"page\">\n\t\t\t\t\t\t<section class=\"has_eae_slider elementor-section elementor-top-section elementor-element elementor-element-9a8793f elementor-section-boxed elementor-section-height-default elementor-section-height-default\" data-id=\"9a8793f\" data-element_type=\"section\" data-settings=\"{&quot;background_background&quot;:&quot;classic&quot;}\">\n\t\t\t\t\t\t<div class=\"elementor-container elementor-column-gap-default\">\n\t\t\t\t\t<div class=\"has_eae_slider elementor-column elementor-col-33 elementor-top-column elementor-element elementor-element-9d44b89\" data-id=\"9d44b89\" data-element_type=\"column\" data-settings=\"{&quot;background_background&quot;:&quot;classic&quot;}\">\n\t\t\t<div class=\"elementor-widget-wrap elementor-element-populated\">\n\t\t\t\t\t\t<div class=\"elementor-element elementor-element-f1447e5 elementor-widget elementor-widget-heading\" data-id=\"f1447e5\" data-element_type=\"widget\" data-widget_type=\"heading.default\">\n\t\t\t\t<div class=\"elementor-widget-container\">\n\t\t\t\t\t<h2 class=\"elementor-heading-title elementor-size-default\">HISTORIA<\/h2>\t\t\t\t<\/div>\n\t\t\t\t<\/div>\n\t\t\t\t<div class=\"elementor-element elementor-element-335d911 elementor-widget elementor-widget-text-editor\" data-id=\"335d911\" data-element_type=\"widget\" data-widget_type=\"text-editor.default\">\n\t\t\t\t<div class=\"elementor-widget-container\">\n\t\t\t\t\t\t\t\t\t<p>El 25 de Febrero del a\u00f1o 1936 el General Eleazar L\u00f3pez Contreras decret\u00f3 la creaci\u00f3n del Ministerio de Sanidad y Asistencia Social (M.S.A.S). En a\u00f1o 1945 se inici\u00f3 la Estadalizaci\u00f3n sanitaria de Venezuela con la creaci\u00f3n de la Regi\u00f3n Sanityaria de Aragua, cuya jurisdicci\u00f3n abarc\u00f3 solamente el estado Aragua.<\/p><p>En el a\u00f1o 1962 se crean los llamados Servicios Corporativos de Salud P\u00fablica los cuales por convenios voluntarios entre el M.S.A.S y la Gobernaci\u00f3n del Estado se integran temporalmente los programas de Atenci\u00f3n M\u00e9dica del Ministerio de Sanidad. En el a\u00f1o 1963, se establecieron nueve(9) regiones a las que les denomin\u00f3 Sistema Nacional de Salud.<\/p><p>En el a\u00f1o 1964, se modifica el decreto que dio origen a los Servicios Corporativos, incluyendo los Programas los Servicios de Malariolog\u00eda y Saneamiento en las Entidades Federales, se considera que se ha dado un paso concreto de tipo Jur\u00eddico-Administrativo para la implantaci\u00f3n de un Sistema de Estadalizaci\u00f3n Sanitaria de mayor solidez; d\u00e1ndose tambi\u00e9n la creaci\u00f3n de la Sub Regi\u00f3n Sanitaria con la uni\u00f3n del M.S.A.S. y el Ejecutivo del estado M\u00e9rida dirigido por el Dr.Ra\u00fal Arellano.<\/p><p>En el a\u00f1o 1995, de conformidad con los principios, normas y procedimientos establecidos por el Ejecutivo Nacional a trav\u00e9s de la Ley de Descentralizaci\u00f3n y Transferencia de Competenciadel Poder P\u00fablico , se sanciona por Gaceta Oficial del Estado M\u00e9rida No. 4 Extraordinaria de fecha 14 de Agosto de 1995, la Ley de Salud del Estado M\u00e9rida, creando la Corporaci\u00f3n de Salud como Instituto Aut\u00f3nomo con personalidad jur\u00eddica y patrimonio propio, adscrito a la Gobernaci\u00f3n del Estado, la cual se ha mantenido hasta la presente fecha.<\/p><p>La corporaci\u00f3n de Salud se fund\u00f3 el 14 de agosto de 1995 seg\u00fan Gaceta Oficial No 04 Extraordinariadel Gobierno del Estado M\u00e9rida, con la Misi\u00f3n y Visi\u00f3n de promover la salud y prevenir las enfermedades en la poblaci\u00f3n meride\u00f1a, al cual se encuentran adscritos 6 Distritos Sanitarios y 23 Municipios Saludable. Su rector\u00eda est\u00e1 a cargo del Director General del ente bajo la tutor\u00eda del Consejo Directivo. En esta instituci\u00f3n funcionan diversos programas de salud y coordinaciones de \u00e1reas y servicios en materia sanitaria los cuales administran los destinos del sistema de salud en el Estado M\u00e9rida.<\/p>\t\t\t\t\t\t\t\t<\/div>\n\t\t\t\t<\/div>\n\t\t\t\t<div class=\"elementor-element elementor-element-55f92a1 elementor-widget elementor-widget-image\" data-id=\"55f92a1\" data-element_type=\"widget\" data-widget_type=\"image.default\">\n\t\t\t\t<div class=\"elementor-widget-container\">\n\t\t\t\t\t\t\t\t\t\t\t\t\t\t\t<img decoding=\"async\" src=\"https:\/\/corposalud.merida.gob.ve\/wp-content\/uploads\/2021\/09\/FOTO-CORPOSALUD-.jpg\" title=\"\" alt=\"\" loading=\"lazy\" \/>\t\t\t\t\t\t\t\t\t\t\t\t\t\t\t<\/div>\n\t\t\t\t<\/div>\n\t\t\t\t\t<\/div>\n\t\t<\/div>\n\t\t\t\t<div class=\"has_eae_slider elementor-column elementor-col-33 elementor-top-column elementor-element elementor-element-fecf398\" data-id=\"fecf398\" data-element_type=\"column\" data-settings=\"{&quot;background_background&quot;:&quot;classic&quot;}\">\n\t\t\t<div class=\"elementor-widget-wrap elementor-element-populated\">\n\t\t\t\t\t\t<div class=\"elementor-element elementor-element-789bc03 elementor-widget elementor-widget-heading\" data-id=\"789bc03\" data-element_type=\"widget\" data-widget_type=\"heading.default\">\n\t\t\t\t<div class=\"elementor-widget-container\">\n\t\t\t\t\t<h2 class=\"elementor-heading-title elementor-size-default\">MISI\u00d3N<\/h2>\t\t\t\t<\/div>\n\t\t\t\t<\/div>\n\t\t\t\t<section class=\"has_eae_slider elementor-section elementor-inner-section elementor-element elementor-element-2e7fc47 elementor-section-boxed elementor-section-height-default elementor-section-height-default\" data-id=\"2e7fc47\" data-element_type=\"section\">\n\t\t\t\t\t\t<div class=\"elementor-container elementor-column-gap-default\">\n\t\t\t\t\t<div class=\"has_eae_slider elementor-column elementor-col-100 elementor-inner-column elementor-element elementor-element-38dee8a\" data-id=\"38dee8a\" data-element_type=\"column\">\n\t\t\t<div class=\"elementor-widget-wrap elementor-element-populated\">\n\t\t\t\t\t\t<div class=\"elementor-element elementor-element-3409a55 elementor-widget elementor-widget-text-editor\" data-id=\"3409a55\" data-element_type=\"widget\" data-widget_type=\"text-editor.default\">\n\t\t\t\t<div class=\"elementor-widget-container\">\n\t\t\t\t\t\t\t\t\t<p>La Corporaci\u00f3n de Salud del estado Bolivariano de M\u00e9rida, es un ente dependiente del Ejecutivo Nacional y Estadal, que promueve y garantiza el \u00f3ptimo funcionamiento del Sistema P\u00fablico Nacional de Salud en el estado Bolivariano de M\u00e9rida, orientado por las politicas emanadas del Ministerio del Poder Popular para la Salud, articulando todos los niveles de atenci\u00f3n y \u00e1mbitos del sistema de protecci\u00f3n, promoci\u00f3n, prevenci\u00f3n y atenci\u00f3n integral a la salud individual y colectiva, asegurando el derecho a la salud y el mayor bienestar social a la poblaci\u00f3n meride\u00f1a.<\/p>\t\t\t\t\t\t\t\t<\/div>\n\t\t\t\t<\/div>\n\t\t\t\t\t<\/div>\n\t\t<\/div>\n\t\t\t\t\t<\/div>\n\t\t<\/section>\n\t\t\t\t<div class=\"elementor-element elementor-element-b89268b elementor-widget elementor-widget-image\" data-id=\"b89268b\" data-element_type=\"widget\" data-widget_type=\"image.default\">\n\t\t\t\t<div class=\"elementor-widget-container\">\n\t\t\t\t\t\t\t\t\t\t\t\t\t\t\t<img fetchpriority=\"high\" decoding=\"async\" width=\"300\" height=\"300\" src=\"https:\/\/corposalud.merida.gob.ve\/wp-content\/uploads\/2022\/04\/iconos-de-la-pagina-de-inicio-RC-mision-y-vision-14-300x300.png\" class=\"attachment-medium size-medium wp-image-5557\" alt=\"\" srcset=\"https:\/\/corposalud.merida.gob.ve\/wp-content\/uploads\/2022\/04\/iconos-de-la-pagina-de-inicio-RC-mision-y-vision-14-300x300.png 300w, https:\/\/corposalud.merida.gob.ve\/wp-content\/uploads\/2022\/04\/iconos-de-la-pagina-de-inicio-RC-mision-y-vision-14-150x150.png 150w, https:\/\/corposalud.merida.gob.ve\/wp-content\/uploads\/2022\/04\/iconos-de-la-pagina-de-inicio-RC-mision-y-vision-14-768x767.png 768w, https:\/\/corposalud.merida.gob.ve\/wp-content\/uploads\/2022\/04\/iconos-de-la-pagina-de-inicio-RC-mision-y-vision-14.png 835w\" sizes=\"(max-width: 300px) 100vw, 300px\" \/>\t\t\t\t\t\t\t\t\t\t\t\t\t\t\t<\/div>\n\t\t\t\t<\/div>\n\t\t\t\t<div class=\"elementor-element elementor-element-cf01a34 elementor-widget elementor-widget-heading\" data-id=\"cf01a34\" data-element_type=\"widget\" data-widget_type=\"heading.default\">\n\t\t\t\t<div class=\"elementor-widget-container\">\n\t\t\t\t\t<h2 class=\"elementor-heading-title elementor-size-default\">VISI\u00d3N<\/h2>\t\t\t\t<\/div>\n\t\t\t\t<\/div>\n\t\t\t\t<section class=\"has_eae_slider elementor-section elementor-inner-section elementor-element elementor-element-248c161 elementor-section-boxed elementor-section-height-default elementor-section-height-default\" data-id=\"248c161\" data-element_type=\"section\">\n\t\t\t\t\t\t<div class=\"elementor-container elementor-column-gap-default\">\n\t\t\t\t\t<div class=\"has_eae_slider elementor-column elementor-col-100 elementor-inner-column elementor-element elementor-element-7db6430\" data-id=\"7db6430\" data-element_type=\"column\">\n\t\t\t<div class=\"elementor-widget-wrap elementor-element-populated\">\n\t\t\t\t\t\t<div class=\"elementor-element elementor-element-172299b elementor-widget elementor-widget-text-editor\" data-id=\"172299b\" data-element_type=\"widget\" data-widget_type=\"text-editor.default\">\n\t\t\t\t<div class=\"elementor-widget-container\">\n\t\t\t\t\t\t\t\t\t<p>Ser el ente impulsador de la conformaci\u00f3n del Sistemas p\u00fablico Nacional de Salud en el estado Bolivariano de M\u00e9rida, a trav\u00e9s de la prestaci\u00f3n de servicios de salud con alta capacidad resolutiva en los Niveles de Atenci\u00f3n, fomentando y promoviendo los programas y pol\u00edticas de atenci\u00f3n integral al individuo, familia y comunidad, garantizando el respeto a la vida y el derecho a la salud<\/p>\t\t\t\t\t\t\t\t<\/div>\n\t\t\t\t<\/div>\n\t\t\t\t<div class=\"elementor-element elementor-element-c1caebb elementor-widget elementor-widget-image\" data-id=\"c1caebb\" data-element_type=\"widget\" data-widget_type=\"image.default\">\n\t\t\t\t<div class=\"elementor-widget-container\">\n\t\t\t\t\t\t\t\t\t\t\t\t\t\t\t<img decoding=\"async\" width=\"300\" height=\"300\" src=\"https:\/\/corposalud.merida.gob.ve\/wp-content\/uploads\/2022\/04\/iconos-de-la-pagina-de-inicio-RC-mision-y-vision-15-300x300.png\" class=\"attachment-medium size-medium wp-image-5559\" alt=\"\" srcset=\"https:\/\/corposalud.merida.gob.ve\/wp-content\/uploads\/2022\/04\/iconos-de-la-pagina-de-inicio-RC-mision-y-vision-15-300x300.png 300w, https:\/\/corposalud.merida.gob.ve\/wp-content\/uploads\/2022\/04\/iconos-de-la-pagina-de-inicio-RC-mision-y-vision-15-150x150.png 150w, https:\/\/corposalud.merida.gob.ve\/wp-content\/uploads\/2022\/04\/iconos-de-la-pagina-de-inicio-RC-mision-y-vision-15-768x767.png 768w, https:\/\/corposalud.merida.gob.ve\/wp-content\/uploads\/2022\/04\/iconos-de-la-pagina-de-inicio-RC-mision-y-vision-15.png 835w\" sizes=\"(max-width: 300px) 100vw, 300px\" \/>\t\t\t\t\t\t\t\t\t\t\t\t\t\t\t<\/div>\n\t\t\t\t<\/div>\n\t\t\t\t\t<\/div>\n\t\t<\/div>\n\t\t\t\t\t<\/div>\n\t\t<\/section>\n\t\t\t\t<div class=\"elementor-element elementor-element-1b5e7cd elementor-widget elementor-widget-heading\" data-id=\"1b5e7cd\" data-element_type=\"widget\" data-widget_type=\"heading.default\">\n\t\t\t\t<div class=\"elementor-widget-container\">\n\t\t\t\t\t<h2 class=\"elementor-heading-title elementor-size-default\">OBJETIVO GENERAL<\/h2>\t\t\t\t<\/div>\n\t\t\t\t<\/div>\n\t\t\t\t<div class=\"elementor-element elementor-element-1ea3f2d elementor-widget elementor-widget-text-editor\" data-id=\"1ea3f2d\" data-element_type=\"widget\" data-widget_type=\"text-editor.default\">\n\t\t\t\t<div class=\"elementor-widget-container\">\n\t\t\t\t\t\t\t\t\t<p>Dirigir y fortalecer los servicios de salud prestados en los niveles deAtenci\u00f3n, contribuyendo con la promoci\u00f3n de la salud y prevenci\u00f3n de las enfermedades, garantizando el tratamiento oportuno y la prestaci\u00f3n de una atenci\u00f3n m\u00e9dica eficiente e integral, asegurando el derecho a la salud y el mayor bienestar social a la poblaci\u00f3n meride\u00f1a.<\/p>\t\t\t\t\t\t\t\t<\/div>\n\t\t\t\t<\/div>\n\t\t\t\t\t<\/div>\n\t\t<\/div>\n\t\t\t\t<div class=\"has_eae_slider elementor-column elementor-col-33 elementor-top-column elementor-element elementor-element-132db92\" data-id=\"132db92\" data-element_type=\"column\">\n\t\t\t<div class=\"elementor-widget-wrap elementor-element-populated\">\n\t\t\t\t\t\t<div class=\"elementor-element elementor-element-61efd3c elementor-widget elementor-widget-heading\" data-id=\"61efd3c\" data-element_type=\"widget\" data-widget_type=\"heading.default\">\n\t\t\t\t<div class=\"elementor-widget-container\">\n\t\t\t\t\t<h2 class=\"elementor-heading-title elementor-size-default\">OBJETIVOS ESTRAT\u00c9GICOS<\/h2>\t\t\t\t<\/div>\n\t\t\t\t<\/div>\n\t\t\t\t<div class=\"elementor-element elementor-element-bfe7f1b elementor-widget elementor-widget-text-editor\" data-id=\"bfe7f1b\" data-element_type=\"widget\" data-widget_type=\"text-editor.default\">\n\t\t\t\t<div class=\"elementor-widget-container\">\n\t\t\t\t\t\t\t\t\t<ul><li>Garantizar el derecho a la salud, ejecutando politicas orientadas a elevar la calidad de vida, el bienestar colectivo y acceso a los servicios de salud en el Estado M\u00e9rida.<\/li><li>Fortalecer la ejecuci\u00f3n de los programas de salud preventivos y de rehabilitaci\u00f3n de manera integral, garantizando el mejoramiento de los servicios prestados por el Sistema Estadal de Salud.<\/li><li>Establecer y ejecutar sistemas de control sanitario, epidemiol\u00f3gico y de saneamiento ambiental que garanticen la salud de las comunidades meride\u00f1as<\/li><li>Promover la participaci\u00f3n social en la salud, trabajando enj conjunto con las comunidades, creando conciencia social en los ciudadanos y ciudadanas que las integran<\/li><\/ul>\t\t\t\t\t\t\t\t<\/div>\n\t\t\t\t<\/div>\n\t\t\t\t<div class=\"elementor-element elementor-element-ddf6e24 elementor-widget elementor-widget-heading\" data-id=\"ddf6e24\" data-element_type=\"widget\" data-widget_type=\"heading.default\">\n\t\t\t\t<div class=\"elementor-widget-container\">\n\t\t\t\t\t<h2 class=\"elementor-heading-title elementor-size-default\">POLITICAS GENERALES<\/h2>\t\t\t\t<\/div>\n\t\t\t\t<\/div>\n\t\t\t\t<div class=\"elementor-element elementor-element-47e7b87 elementor-widget elementor-widget-text-editor\" data-id=\"47e7b87\" data-element_type=\"widget\" data-widget_type=\"text-editor.default\">\n\t\t\t\t<div class=\"elementor-widget-container\">\n\t\t\t\t\t\t\t\t\t<ul><li>Expandir y consolidad el Sistema P\u00fablico Estadal de Salud, con atenci\u00f3n de forma oportuna y gratuita<\/li><li>Asegurar la salud de la poblaci\u00f3n que asiste al Sistema P\u00fablico Estadal de Salud.<\/li><li>Reducir la mortalidad materno-neonatal y post-neonatal en ni\u00f1os menores a cinco a\u00f1os<\/li><li>Fortalecer e incentivar el sistema de portecci\u00f3n,promoci\u00f3n,prevenci\u00f3n y atenci\u00f3n m\u00e9dica integral en la Red ambulatoria y Hospitalaria del estado M\u00e9rida<\/li><li>Fortalecer el sistema de vigilancia epidemiol\u00f3gica y fomentar la prevenci\u00f3n y el control de enfermedades endemoepid\u00e9micas.<\/li><\/ul>\t\t\t\t\t\t\t\t<\/div>\n\t\t\t\t<\/div>\n\t\t\t\t\t<\/div>\n\t\t<\/div>\n\t\t\t\t\t<\/div>\n\t\t<\/section>\n\t\t\t\t<\/div>\n\t\t","protected":false},"excerpt":{"rendered":"<p>HISTORIA El 25 de Febrero del a\u00f1o 1936 el General Eleazar L\u00f3pez Contreras decret\u00f3 la creaci\u00f3n del Ministerio de Sanidad y Asistencia Social (M.S.A.S). En a\u00f1o 1945 se inici\u00f3 la Estadalizaci\u00f3n sanitaria de Venezuela con la creaci\u00f3n de la Regi\u00f3n Sanityaria de Aragua, cuya jurisdicci\u00f3n abarc\u00f3 solamente el estado Aragua. En el a\u00f1o 1962 se [&hellip;]<\/p>\n","protected":false},"author":4,"featured_media":0,"parent":0,"menu_order":0,"comment_status":"closed","ping_status":"closed","template":"elementor_header_footer","meta":{"_monsterinsights_skip_tracking":false,"_monsterinsights_sitenote_active":false,"_monsterinsights_sitenote_note":"","_monsterinsights_sitenote_category":0,"site-sidebar-layout":"default","site-content-layout":"","ast-site-content-layout":"default","site-content-style":"default","site-sidebar-style":"default","ast-global-header-display":"","ast-banner-title-visibility":"","ast-main-header-display":"","ast-hfb-above-header-display":"","ast-hfb-below-header-display":"","ast-hfb-mobile-header-display":"","site-post-title":"","ast-breadcrumbs-content":"","ast-featured-img":"","footer-sml-layout":"","ast-disable-related-posts":"","theme-transparent-header-meta":"","adv-header-id-meta":"","stick-header-meta":"","header-above-stick-meta":"","header-main-stick-meta":"","header-below-stick-meta":"","astra-migrate-meta-layouts":"default","ast-page-background-enabled":"default","ast-page-background-meta":{"desktop":{"background-color":"","background-image":"","background-repeat":"repeat","background-position":"center center","background-size":"auto","background-attachment":"scroll","background-type":"","background-media":"","overlay-type":"","overlay-color":"","overlay-opacity":"","overlay-gradient":""},"tablet":{"background-color":"","background-image":"","background-repeat":"repeat","background-position":"center center","background-size":"auto","background-attachment":"scroll","background-type":"","background-media":"","overlay-type":"","overlay-color":"","overlay-opacity":"","overlay-gradient":""},"mobile":{"background-color":"","background-image":"","background-repeat":"repeat","background-position":"center center","background-size":"auto","background-attachment":"scroll","background-type":"","background-media":"","overlay-type":"","overlay-color":"","overlay-opacity":"","overlay-gradient":""}},"ast-content-background-meta":{"desktop":{"background-color":"var(--ast-global-color-5)","background-image":"","background-repeat":"repeat","background-position":"center center","background-size":"auto","background-attachment":"scroll","background-type":"","background-media":"","overlay-type":"","overlay-color":"","overlay-opacity":"","overlay-gradient":""},"tablet":{"background-color":"var(--ast-global-color-5)","background-image":"","background-repeat":"repeat","background-position":"center center","background-size":"auto","background-attachment":"scroll","background-type":"","background-media":"","overlay-type":"","overlay-color":"","overlay-opacity":"","overlay-gradient":""},"mobile":{"background-color":"var(--ast-global-color-5)","background-image":"","background-repeat":"repeat","background-position":"center center","background-size":"auto","background-attachment":"scroll","background-type":"","background-media":"","overlay-type":"","overlay-color":"","overlay-opacity":"","overlay-gradient":""}},"footnotes":""},"class_list":["post-1041","page","type-page","status-publish","hentry"],"aioseo_notices":[],"_links":{"self":[{"href":"https:\/\/corposalud.merida.gob.ve\/index.php\/wp-json\/wp\/v2\/pages\/1041","targetHints":{"allow":["GET"]}}],"collection":[{"href":"https:\/\/corposalud.merida.gob.ve\/index.php\/wp-json\/wp\/v2\/pages"}],"about":[{"href":"https:\/\/corposalud.merida.gob.ve\/index.php\/wp-json\/wp\/v2\/types\/page"}],"author":[{"embeddable":true,"href":"https:\/\/corposalud.merida.gob.ve\/index.php\/wp-json\/wp\/v2\/users\/4"}],"replies":[{"embeddable":true,"href":"https:\/\/corposalud.merida.gob.ve\/index.php\/wp-json\/wp\/v2\/comments?post=1041"}],"version-history":[{"count":1,"href":"https:\/\/corposalud.merida.gob.ve\/index.php\/wp-json\/wp\/v2\/pages\/1041\/revisions"}],"predecessor-version":[{"id":7897,"href":"https:\/\/corposalud.merida.gob.ve\/index.php\/wp-json\/wp\/v2\/pages\/1041\/revisions\/7897"}],"wp:attachment":[{"href":"https:\/\/corposalud.merida.gob.ve\/index.php\/wp-json\/wp\/v2\/media?parent=1041"}],"curies":[{"name":"wp","href":"https:\/\/api.w.org\/{rel}","templated":true}]}}