{"id":239,"date":"2018-07-23T13:32:40","date_gmt":"2018-07-23T13:32:40","guid":{"rendered":"https:\/\/corposalud.merida.gob.ve\/?page_id=239"},"modified":"2022-04-19T13:18:22","modified_gmt":"2022-04-19T13:18:22","slug":"politicas-generales","status":"publish","type":"page","link":"https:\/\/corposalud.merida.gob.ve\/index.php\/politicas-generales\/","title":{"rendered":"Pol\u00edticas Generales"},"content":{"rendered":"\t\t<div data-elementor-type=\"wp-post\" data-elementor-id=\"239\" class=\"elementor elementor-239\" data-elementor-post-type=\"page\">\n\t\t\t\t\t\t<section class=\"has_eae_slider elementor-section elementor-top-section elementor-element elementor-element-25edb75 elementor-section-stretched elementor-section-boxed elementor-section-height-default elementor-section-height-default\" data-id=\"25edb75\" data-element_type=\"section\" data-settings=\"{&quot;stretch_section&quot;:&quot;section-stretched&quot;,&quot;background_background&quot;:&quot;classic&quot;}\">\n\t\t\t\t\t\t<div class=\"elementor-container elementor-column-gap-default\">\n\t\t\t\t\t<div class=\"has_eae_slider elementor-column elementor-col-100 elementor-top-column elementor-element elementor-element-1697942\" data-id=\"1697942\" data-element_type=\"column\">\n\t\t\t<div class=\"elementor-widget-wrap elementor-element-populated\">\n\t\t\t\t\t\t<div class=\"elementor-element elementor-element-b58af30 elementor-widget elementor-widget-heading\" data-id=\"b58af30\" data-element_type=\"widget\" data-widget_type=\"heading.default\">\n\t\t\t\t<div class=\"elementor-widget-container\">\n\t\t\t\t\t<h2 class=\"elementor-heading-title elementor-size-medium\">Politicas Generales...<\/h2>\t\t\t\t<\/div>\n\t\t\t\t<\/div>\n\t\t\t\t<div class=\"elementor-element elementor-element-19abb11 elementor-widget elementor-widget-heading\" data-id=\"19abb11\" data-element_type=\"widget\" data-widget_type=\"heading.default\">\n\t\t\t\t<div class=\"elementor-widget-container\">\n\t\t\t\t\t<h2 class=\"elementor-heading-title elementor-size-default\">POLITICAS<\/h2>\t\t\t\t<\/div>\n\t\t\t\t<\/div>\n\t\t\t\t<div class=\"elementor-element elementor-element-6569da7 elementor-widget elementor-widget-text-editor\" data-id=\"6569da7\" data-element_type=\"widget\" data-widget_type=\"text-editor.default\">\n\t\t\t\t<div class=\"elementor-widget-container\">\n\t\t\t\t\t\t\t\t\t<p>\u2666 Expandir y consolidar el Sistema P\u00fablico Estadal de Salud, con atenci\u00f3n de forma oportuna y gratuita.<\/p><p>\u2666 Asegurar la salud de la poblaci\u00f3n que asiste al Sistema P\u00fablico Estadal de Salud.<\/p><p>\u2666 Reducir la mortalidad materno-neonatal y post-neonatal en ni\u00f1os menores a cinco a\u00f1os.<\/p><p>\u2666 Fortalecer e incentivar el sistema de protecci\u00f3n, promoci\u00f3n, prevenci\u00f3n y atenci\u00f3n m\u00e9dica integral en la Red Ambulatoria y Hospitalaria del estado M\u00e9rida.<\/p><p>\u2666 Fortalecer el sistema de vigilancia epidemiol\u00f3gica y fomentar la prevenci\u00f3n y el control de enfermedades endemoepid\u00e9micas.<\/p>\t\t\t\t\t\t\t\t<\/div>\n\t\t\t\t<\/div>\n\t\t\t\t<div class=\"elementor-element elementor-element-23f9721 elementor-widget elementor-widget-heading\" data-id=\"23f9721\" data-element_type=\"widget\" data-widget_type=\"heading.default\">\n\t\t\t\t<div class=\"elementor-widget-container\">\n\t\t\t\t\t<h2 class=\"elementor-heading-title elementor-size-default\">ORGANIGRAMA<\/h2>\t\t\t\t<\/div>\n\t\t\t\t<\/div>\n\t\t\t\t<div class=\"elementor-element elementor-element-a022c34 elementor-widget elementor-widget-image\" data-id=\"a022c34\" data-element_type=\"widget\" data-widget_type=\"image.default\">\n\t\t\t\t<div class=\"elementor-widget-container\">\n\t\t\t\t\t\t\t\t\t\t\t\t\t\t\t\t<a href=\"https:\/\/corposalud.merida.gob.ve\/wp-content\/uploads\/2022\/03\/COPIA-ORGANIGRAMA-CORPOSALUD.png\" data-elementor-open-lightbox=\"yes\" data-elementor-lightbox-title=\"COPIA ORGANIGRAMA CORPOSALUD\" data-e-action-hash=\"#elementor-action%3Aaction%3Dlightbox%26settings%3DeyJpZCI6NTEzOSwidXJsIjoiaHR0cHM6XC9cL2NvcnBvc2FsdWQubWVyaWRhLmdvYi52ZVwvd3AtY29udGVudFwvdXBsb2Fkc1wvMjAyMlwvMDNcL0NPUElBLU9SR0FOSUdSQU1BLUNPUlBPU0FMVUQucG5nIn0%3D\">\n\t\t\t\t\t\t\t<img fetchpriority=\"high\" decoding=\"async\" width=\"1024\" height=\"791\" src=\"https:\/\/corposalud.merida.gob.ve\/wp-content\/uploads\/2022\/03\/COPIA-ORGANIGRAMA-CORPOSALUD-1024x791.png\" class=\"attachment-large size-large wp-image-5139\" alt=\"\" srcset=\"https:\/\/corposalud.merida.gob.ve\/wp-content\/uploads\/2022\/03\/COPIA-ORGANIGRAMA-CORPOSALUD-1024x791.png 1024w, https:\/\/corposalud.merida.gob.ve\/wp-content\/uploads\/2022\/03\/COPIA-ORGANIGRAMA-CORPOSALUD-300x232.png 300w, https:\/\/corposalud.merida.gob.ve\/wp-content\/uploads\/2022\/03\/COPIA-ORGANIGRAMA-CORPOSALUD-768x593.png 768w, https:\/\/corposalud.merida.gob.ve\/wp-content\/uploads\/2022\/03\/COPIA-ORGANIGRAMA-CORPOSALUD-1536x1187.png 1536w, https:\/\/corposalud.merida.gob.ve\/wp-content\/uploads\/2022\/03\/COPIA-ORGANIGRAMA-CORPOSALUD-2048x1583.png 2048w\" sizes=\"(max-width: 1024px) 100vw, 1024px\" \/>\t\t\t\t\t\t\t\t<\/a>\n\t\t\t\t\t\t\t\t\t\t\t\t\t\t\t<\/div>\n\t\t\t\t<\/div>\n\t\t\t\t\t<\/div>\n\t\t<\/div>\n\t\t\t\t\t<\/div>\n\t\t<\/section>\n\t\t\t\t<\/div>\n\t\t","protected":false},"excerpt":{"rendered":"<p>Politicas Generales&#8230; POLITICAS \u2666 Expandir y consolidar el Sistema P\u00fablico Estadal de Salud, con atenci\u00f3n de forma oportuna y gratuita. \u2666 Asegurar la salud de la poblaci\u00f3n que asiste al Sistema P\u00fablico Estadal de Salud. \u2666 Reducir la mortalidad materno-neonatal y post-neonatal en ni\u00f1os menores a cinco a\u00f1os. \u2666 Fortalecer e incentivar el sistema de [&hellip;]<\/p>\n","protected":false},"author":4,"featured_media":0,"parent":0,"menu_order":0,"comment_status":"closed","ping_status":"closed","template":"elementor_header_footer","meta":{"_monsterinsights_skip_tracking":false,"_monsterinsights_sitenote_active":false,"_monsterinsights_sitenote_note":"","_monsterinsights_sitenote_category":0,"site-sidebar-layout":"default","site-content-layout":"","ast-site-content-layout":"default","site-content-style":"default","site-sidebar-style":"default","ast-global-header-display":"","ast-banner-title-visibility":"","ast-main-header-display":"","ast-hfb-above-header-display":"","ast-hfb-below-header-display":"","ast-hfb-mobile-header-display":"","site-post-title":"","ast-breadcrumbs-content":"","ast-featured-img":"","footer-sml-layout":"","ast-disable-related-posts":"","theme-transparent-header-meta":"","adv-header-id-meta":"","stick-header-meta":"","header-above-stick-meta":"","header-main-stick-meta":"","header-below-stick-meta":"","astra-migrate-meta-layouts":"default","ast-page-background-enabled":"default","ast-page-background-meta":{"desktop":{"background-color":"","background-image":"","background-repeat":"repeat","background-position":"center center","background-size":"auto","background-attachment":"scroll","background-type":"","background-media":"","overlay-type":"","overlay-color":"","overlay-opacity":"","overlay-gradient":""},"tablet":{"background-color":"","background-image":"","background-repeat":"repeat","background-position":"center center","background-size":"auto","background-attachment":"scroll","background-type":"","background-media":"","overlay-type":"","overlay-color":"","overlay-opacity":"","overlay-gradient":""},"mobile":{"background-color":"","background-image":"","background-repeat":"repeat","background-position":"center center","background-size":"auto","background-attachment":"scroll","background-type":"","background-media":"","overlay-type":"","overlay-color":"","overlay-opacity":"","overlay-gradient":""}},"ast-content-background-meta":{"desktop":{"background-color":"var(--ast-global-color-5)","background-image":"","background-repeat":"repeat","background-position":"center center","background-size":"auto","background-attachment":"scroll","background-type":"","background-media":"","overlay-type":"","overlay-color":"","overlay-opacity":"","overlay-gradient":""},"tablet":{"background-color":"var(--ast-global-color-5)","background-image":"","background-repeat":"repeat","background-position":"center center","background-size":"auto","background-attachment":"scroll","background-type":"","background-media":"","overlay-type":"","overlay-color":"","overlay-opacity":"","overlay-gradient":""},"mobile":{"background-color":"var(--ast-global-color-5)","background-image":"","background-repeat":"repeat","background-position":"center center","background-size":"auto","background-attachment":"scroll","background-type":"","background-media":"","overlay-type":"","overlay-color":"","overlay-opacity":"","overlay-gradient":""}},"footnotes":""},"class_list":["post-239","page","type-page","status-publish","hentry"],"aioseo_notices":[],"_links":{"self":[{"href":"https:\/\/corposalud.merida.gob.ve\/index.php\/wp-json\/wp\/v2\/pages\/239","targetHints":{"allow":["GET"]}}],"collection":[{"href":"https:\/\/corposalud.merida.gob.ve\/index.php\/wp-json\/wp\/v2\/pages"}],"about":[{"href":"https:\/\/corposalud.merida.gob.ve\/index.php\/wp-json\/wp\/v2\/types\/page"}],"author":[{"embeddable":true,"href":"https:\/\/corposalud.merida.gob.ve\/index.php\/wp-json\/wp\/v2\/users\/4"}],"replies":[{"embeddable":true,"href":"https:\/\/corposalud.merida.gob.ve\/index.php\/wp-json\/wp\/v2\/comments?post=239"}],"version-history":[{"count":0,"href":"https:\/\/corposalud.merida.gob.ve\/index.php\/wp-json\/wp\/v2\/pages\/239\/revisions"}],"wp:attachment":[{"href":"https:\/\/corposalud.merida.gob.ve\/index.php\/wp-json\/wp\/v2\/media?parent=239"}],"curies":[{"name":"wp","href":"https:\/\/api.w.org\/{rel}","templated":true}]}}