{"id":245,"date":"2018-07-23T13:42:21","date_gmt":"2018-07-23T13:42:21","guid":{"rendered":"https:\/\/corposalud.merida.gob.ve\/?page_id=245"},"modified":"2022-05-11T16:29:35","modified_gmt":"2022-05-11T16:29:35","slug":"organigrama-micro-auditoria-interna","status":"publish","type":"page","link":"https:\/\/corposalud.merida.gob.ve\/index.php\/organigrama-micro-auditoria-interna\/","title":{"rendered":"Organigrama  Auditor\u00eda Interna"},"content":{"rendered":"\t\t<div data-elementor-type=\"wp-post\" data-elementor-id=\"245\" class=\"elementor elementor-245\" data-elementor-post-type=\"page\">\n\t\t\t\t\t\t<section class=\"has_eae_slider elementor-section elementor-top-section elementor-element elementor-element-5b57f51 elementor-section-stretched elementor-section-boxed elementor-section-height-default elementor-section-height-default\" data-id=\"5b57f51\" data-element_type=\"section\" data-settings=\"{&quot;stretch_section&quot;:&quot;section-stretched&quot;}\">\n\t\t\t\t\t\t<div class=\"elementor-container elementor-column-gap-default\">\n\t\t\t\t\t<div class=\"has_eae_slider elementor-column elementor-col-100 elementor-top-column elementor-element elementor-element-cffb122\" data-id=\"cffb122\" data-element_type=\"column\">\n\t\t\t<div class=\"elementor-widget-wrap elementor-element-populated\">\n\t\t\t\t\t\t<div class=\"elementor-element elementor-element-73a7e37 elementor-invisible elementor-widget elementor-widget-heading\" data-id=\"73a7e37\" data-element_type=\"widget\" data-settings=\"{&quot;_animation&quot;:&quot;fadeInDown&quot;}\" data-widget_type=\"heading.default\">\n\t\t\t\t<div class=\"elementor-widget-container\">\n\t\t\t\t\t<h2 class=\"elementor-heading-title elementor-size-medium\">Auditoria Interna<\/h2>\t\t\t\t<\/div>\n\t\t\t\t<\/div>\n\t\t\t\t<div class=\"elementor-element elementor-element-c93efe6 elementor-widget elementor-widget-spacer\" data-id=\"c93efe6\" data-element_type=\"widget\" data-widget_type=\"spacer.default\">\n\t\t\t\t<div class=\"elementor-widget-container\">\n\t\t\t\t\t\t\t<div class=\"elementor-spacer\">\n\t\t\t<div class=\"elementor-spacer-inner\"><\/div>\n\t\t<\/div>\n\t\t\t\t\t\t<\/div>\n\t\t\t\t<\/div>\n\t\t\t\t\t<\/div>\n\t\t<\/div>\n\t\t\t\t\t<\/div>\n\t\t<\/section>\n\t\t\t\t<section class=\"has_eae_slider elementor-section elementor-top-section elementor-element elementor-element-77fb7a9 elementor-section-stretched elementor-section-boxed elementor-section-height-default elementor-section-height-default\" data-id=\"77fb7a9\" data-element_type=\"section\" data-settings=\"{&quot;stretch_section&quot;:&quot;section-stretched&quot;}\">\n\t\t\t\t\t\t<div class=\"elementor-container elementor-column-gap-default\">\n\t\t\t\t\t<div class=\"has_eae_slider elementor-column elementor-col-100 elementor-top-column elementor-element elementor-element-b6d13a8\" data-id=\"b6d13a8\" data-element_type=\"column\">\n\t\t\t<div class=\"elementor-widget-wrap elementor-element-populated\">\n\t\t\t\t\t\t<section class=\"has_eae_slider elementor-section elementor-inner-section elementor-element elementor-element-ea6b74c elementor-section-content-middle elementor-section-boxed elementor-section-height-default elementor-section-height-default\" data-id=\"ea6b74c\" data-element_type=\"section\">\n\t\t\t\t\t\t<div class=\"elementor-container elementor-column-gap-default\">\n\t\t\t\t\t<div class=\"has_eae_slider elementor-column elementor-col-50 elementor-inner-column elementor-element elementor-element-71b6a51\" data-id=\"71b6a51\" data-element_type=\"column\">\n\t\t\t<div class=\"elementor-widget-wrap elementor-element-populated\">\n\t\t\t\t\t\t<div class=\"elementor-element elementor-element-3d6a54b elementor-invisible elementor-widget elementor-widget-text-editor\" data-id=\"3d6a54b\" data-element_type=\"widget\" data-settings=\"{&quot;_animation&quot;:&quot;fadeInLeft&quot;}\" data-widget_type=\"text-editor.default\">\n\t\t\t\t<div class=\"elementor-widget-container\">\n\t\t\t\t\t\t\t\t\t<h1 style=\"text-align: center;\">Objetivo\u00a0<\/h1><p style=\"text-align: center;\">Examinar de manera objetiva, sistem\u00e1tica y profesional las actividades administrativas y financieras de las dependencias adscritas a la Corporaci\u00f3n de Salud del Estado M\u00e9rida; con el fin de evaluar, verificar y elaborar el Informe contentivo de las observaciones, conclusiones, recomendaciones y el correspondiente dictamen para determinar su pertinencia y confiabilidad.<\/p>\t\t\t\t\t\t\t\t<\/div>\n\t\t\t\t<\/div>\n\t\t\t\t\t<\/div>\n\t\t<\/div>\n\t\t\t\t<div class=\"has_eae_slider elementor-column elementor-col-50 elementor-inner-column elementor-element elementor-element-20dd88d\" data-id=\"20dd88d\" data-element_type=\"column\">\n\t\t\t<div class=\"elementor-widget-wrap elementor-element-populated\">\n\t\t\t\t\t\t<div class=\"elementor-element elementor-element-e46b1ec elementor-invisible elementor-widget elementor-widget-image\" data-id=\"e46b1ec\" data-element_type=\"widget\" data-settings=\"{&quot;_animation&quot;:&quot;fadeInRight&quot;}\" data-widget_type=\"image.default\">\n\t\t\t\t<div class=\"elementor-widget-container\">\n\t\t\t\t\t\t\t\t\t\t\t\t\t\t\t<img fetchpriority=\"high\" decoding=\"async\" width=\"235\" height=\"231\" src=\"https:\/\/corposalud.merida.gob.ve\/wp-content\/uploads\/2018\/08\/objetivos.png\" class=\"attachment-large size-large wp-image-757\" alt=\"\" \/>\t\t\t\t\t\t\t\t\t\t\t\t\t\t\t<\/div>\n\t\t\t\t<\/div>\n\t\t\t\t\t<\/div>\n\t\t<\/div>\n\t\t\t\t\t<\/div>\n\t\t<\/section>\n\t\t\t\t<div class=\"elementor-element elementor-element-d3b4d71 elementor-invisible elementor-widget elementor-widget-text-editor\" data-id=\"d3b4d71\" data-element_type=\"widget\" data-settings=\"{&quot;_animation&quot;:&quot;fadeInUp&quot;}\" data-widget_type=\"text-editor.default\">\n\t\t\t\t<div class=\"elementor-widget-container\">\n\t\t\t\t\t\t\t\t\t<h1>Funciones Espec\u00edficas<\/h1><p><br \/>\u2666Realizar auditor\u00edas, inspecciones, fiscalizaciones, ex\u00e1menes, estudios. An\u00e1lisis e investigaciones de cualquier naturaleza en la Corporaci\u00f3n de Salud del estado M\u00e9rida y sus dependencias, para verificar la legalidad, exactitud, sinceridad y correcci\u00f3n de sus operaciones, as\u00ed como para evaluar el cumplimiento y los resultados de los planes y las acciones administrativas, la eficacia, eficiencia, econom\u00eda, calidad e impacto de su gesti\u00f3n, as\u00ed como, efectuar el examen selectivo de la cuenta de gastos y otorgar el finiquito de Ley.<\/p><p><br \/>\u2666 Verificar que el desarrollo de las actividades administrativas de la Corporaci\u00f3n de Salud del Estado M\u00e9rida y sus dependencias, se realicen con base a las disposiciones legales, reglamentarias o dem\u00e1s normas aplicables a sus operaciones.<\/p><p><br \/>\u2666 Verificar la observancia de las pol\u00edticas prescritas en relaci\u00f3n a la custodia y salvaguarda del patrimonio de la Corporaci\u00f3n de Salud el Estado M\u00e9rida y sus dependencias.<\/p><p><br \/>\u2666 Efectuar estudios organizativos, estad\u00edsticos, econ\u00f3micos y financieros, an\u00e1lisis e investigaciones de cualquier naturaleza en el \u00e1rea de control, as\u00ed como evaluar los resultados de la gesti\u00f3n administrativa y, en general, la eficiencia y eficacia con que opera la Corporaci\u00f3n de Salud del Estado M\u00e9rida y sus dependencias.<\/p><p><br \/>\u2666 Evaluar las actividades administrativas u operaciones de la organizaci\u00f3n, con fundamento en indicadores de gesti\u00f3n, \u00edndices de rendimiento y dem\u00e1s t\u00e9cnicas aplicables.<\/p><p><br \/>\u2666 Recibir y evaluar las denuncias relacionadas con las materias de control fiscal que formulen los funcionarios p\u00fablicos o particulares.<\/p><p><br \/>\u2666 Ejercer la potestad investigativa y de apertura del procedimiento administrativo para la determinaci\u00f3n de responsabilidades, de acuerdo con lo previsto en la Constituci\u00f3n de la Rep\u00fablica Bolivariana de Venezuela y la Ley Org\u00e1nica de la Contralor\u00eda General de la Rep\u00fablica y del Sistema Nacional de Control Fiscal y dem\u00e1s leyes aplicables a la materia.<\/p><p><br \/>\u2666 Realizar actuaciones necesarias a solicitud de los \u00f3rganos de control fiscal externo, cuando \u00e9stos presuman que hubieren ocurrido actos, hechos u omisiones contrarias a la Constituci\u00f3n a una norma legal o sub-legal, inform\u00e1ndole los resultados dentro del plazo que acuerden para tal fin.<\/p><p><br \/>\u2666 Presentar a la Corporaci\u00f3n de Salud del Estado M\u00e9rida y sus dependencias un informe, en el cual se expondr\u00e1 el resultado de las observaciones, recomendaciones y las conclusiones de las actuaciones fiscales practicadas.<\/p><p><br \/>\u2666 Efectuar el seguimiento de las recomendaciones plasmadas en los informes de auditor\u00eda previamente emitidos, a objeto de verificar si se han tomado las acciones correctivas correspondientes, ya sea por decisiones de la m\u00e1xima autoridad o por las unidades administrativas auditadas.<\/p>\t\t\t\t\t\t\t\t<\/div>\n\t\t\t\t<\/div>\n\t\t\t\t\t<\/div>\n\t\t<\/div>\n\t\t\t\t\t<\/div>\n\t\t<\/section>\n\t\t\t\t<\/div>\n\t\t","protected":false},"excerpt":{"rendered":"<p>Auditoria Interna Objetivo\u00a0 Examinar de manera objetiva, sistem\u00e1tica y profesional las actividades administrativas y financieras de las dependencias adscritas a la Corporaci\u00f3n de Salud del Estado M\u00e9rida; con el fin de evaluar, verificar y elaborar el Informe contentivo de las observaciones, conclusiones, recomendaciones y el correspondiente dictamen para determinar su pertinencia y confiabilidad. Funciones Espec\u00edficas [&hellip;]<\/p>\n","protected":false},"author":4,"featured_media":0,"parent":0,"menu_order":0,"comment_status":"closed","ping_status":"closed","template":"elementor_header_footer","meta":{"_monsterinsights_skip_tracking":false,"_monsterinsights_sitenote_active":false,"_monsterinsights_sitenote_note":"","_monsterinsights_sitenote_category":0,"site-sidebar-layout":"default","site-content-layout":"","ast-site-content-layout":"default","site-content-style":"default","site-sidebar-style":"default","ast-global-header-display":"","ast-banner-title-visibility":"","ast-main-header-display":"","ast-hfb-above-header-display":"","ast-hfb-below-header-display":"","ast-hfb-mobile-header-display":"","site-post-title":"","ast-breadcrumbs-content":"","ast-featured-img":"","footer-sml-layout":"","ast-disable-related-posts":"","theme-transparent-header-meta":"","adv-header-id-meta":"","stick-header-meta":"","header-above-stick-meta":"","header-main-stick-meta":"","header-below-stick-meta":"","astra-migrate-meta-layouts":"default","ast-page-background-enabled":"default","ast-page-background-meta":{"desktop":{"background-color":"","background-image":"","background-repeat":"repeat","background-position":"center center","background-size":"auto","background-attachment":"scroll","background-type":"","background-media":"","overlay-type":"","overlay-color":"","overlay-opacity":"","overlay-gradient":""},"tablet":{"background-color":"","background-image":"","background-repeat":"repeat","background-position":"center center","background-size":"auto","background-attachment":"scroll","background-type":"","background-media":"","overlay-type":"","overlay-color":"","overlay-opacity":"","overlay-gradient":""},"mobile":{"background-color":"","background-image":"","background-repeat":"repeat","background-position":"center center","background-size":"auto","background-attachment":"scroll","background-type":"","background-media":"","overlay-type":"","overlay-color":"","overlay-opacity":"","overlay-gradient":""}},"ast-content-background-meta":{"desktop":{"background-color":"var(--ast-global-color-5)","background-image":"","background-repeat":"repeat","background-position":"center center","background-size":"auto","background-attachment":"scroll","background-type":"","background-media":"","overlay-type":"","overlay-color":"","overlay-opacity":"","overlay-gradient":""},"tablet":{"background-color":"var(--ast-global-color-5)","background-image":"","background-repeat":"repeat","background-position":"center center","background-size":"auto","background-attachment":"scroll","background-type":"","background-media":"","overlay-type":"","overlay-color":"","overlay-opacity":"","overlay-gradient":""},"mobile":{"background-color":"var(--ast-global-color-5)","background-image":"","background-repeat":"repeat","background-position":"center center","background-size":"auto","background-attachment":"scroll","background-type":"","background-media":"","overlay-type":"","overlay-color":"","overlay-opacity":"","overlay-gradient":""}},"footnotes":""},"class_list":["post-245","page","type-page","status-publish","hentry"],"aioseo_notices":[],"_links":{"self":[{"href":"https:\/\/corposalud.merida.gob.ve\/index.php\/wp-json\/wp\/v2\/pages\/245","targetHints":{"allow":["GET"]}}],"collection":[{"href":"https:\/\/corposalud.merida.gob.ve\/index.php\/wp-json\/wp\/v2\/pages"}],"about":[{"href":"https:\/\/corposalud.merida.gob.ve\/index.php\/wp-json\/wp\/v2\/types\/page"}],"author":[{"embeddable":true,"href":"https:\/\/corposalud.merida.gob.ve\/index.php\/wp-json\/wp\/v2\/users\/4"}],"replies":[{"embeddable":true,"href":"https:\/\/corposalud.merida.gob.ve\/index.php\/wp-json\/wp\/v2\/comments?post=245"}],"version-history":[{"count":0,"href":"https:\/\/corposalud.merida.gob.ve\/index.php\/wp-json\/wp\/v2\/pages\/245\/revisions"}],"wp:attachment":[{"href":"https:\/\/corposalud.merida.gob.ve\/index.php\/wp-json\/wp\/v2\/media?parent=245"}],"curies":[{"name":"wp","href":"https:\/\/api.w.org\/{rel}","templated":true}]}}