{"id":278,"date":"2018-07-23T15:26:57","date_gmt":"2018-07-23T15:26:57","guid":{"rendered":"https:\/\/corposalud.merida.gob.ve\/?page_id=278"},"modified":"2022-05-11T16:01:22","modified_gmt":"2022-05-11T16:01:22","slug":"organigrama-micro-coordinacion-de-despacho","status":"publish","type":"page","link":"https:\/\/corposalud.merida.gob.ve\/index.php\/organigrama-micro-coordinacion-de-despacho\/","title":{"rendered":"Organigrama Coordinaci\u00f3n De Despacho"},"content":{"rendered":"\t\t<div data-elementor-type=\"wp-post\" data-elementor-id=\"278\" class=\"elementor elementor-278\" data-elementor-post-type=\"page\">\n\t\t\t\t\t\t<section class=\"has_eae_slider elementor-section elementor-top-section elementor-element elementor-element-31fc173 elementor-section-stretched elementor-section-boxed elementor-section-height-default elementor-section-height-default\" data-id=\"31fc173\" data-element_type=\"section\" data-settings=\"{&quot;stretch_section&quot;:&quot;section-stretched&quot;}\">\n\t\t\t\t\t\t<div class=\"elementor-container elementor-column-gap-default\">\n\t\t\t\t\t<div class=\"has_eae_slider elementor-column elementor-col-100 elementor-top-column elementor-element elementor-element-1757cb0\" data-id=\"1757cb0\" data-element_type=\"column\">\n\t\t\t<div class=\"elementor-widget-wrap elementor-element-populated\">\n\t\t\t\t\t\t<div class=\"elementor-element elementor-element-6d0ab51 elementor-invisible elementor-widget elementor-widget-heading\" data-id=\"6d0ab51\" data-element_type=\"widget\" data-settings=\"{&quot;_animation&quot;:&quot;fadeInDown&quot;}\" data-widget_type=\"heading.default\">\n\t\t\t\t<div class=\"elementor-widget-container\">\n\t\t\t\t\t<h2 class=\"elementor-heading-title elementor-size-medium\">Coordinaci\u00f3n de Despacho<\/h2>\t\t\t\t<\/div>\n\t\t\t\t<\/div>\n\t\t\t\t<div class=\"elementor-element elementor-element-d94e51d elementor-widget elementor-widget-spacer\" data-id=\"d94e51d\" data-element_type=\"widget\" data-widget_type=\"spacer.default\">\n\t\t\t\t<div class=\"elementor-widget-container\">\n\t\t\t\t\t\t\t<div class=\"elementor-spacer\">\n\t\t\t<div class=\"elementor-spacer-inner\"><\/div>\n\t\t<\/div>\n\t\t\t\t\t\t<\/div>\n\t\t\t\t<\/div>\n\t\t\t\t\t<\/div>\n\t\t<\/div>\n\t\t\t\t\t<\/div>\n\t\t<\/section>\n\t\t\t\t<section class=\"has_eae_slider elementor-section elementor-top-section elementor-element elementor-element-b17c9d8 elementor-section-stretched elementor-section-boxed elementor-section-height-default elementor-section-height-default\" data-id=\"b17c9d8\" data-element_type=\"section\" data-settings=\"{&quot;stretch_section&quot;:&quot;section-stretched&quot;}\">\n\t\t\t\t\t\t<div class=\"elementor-container elementor-column-gap-default\">\n\t\t\t\t\t<div class=\"has_eae_slider elementor-column elementor-col-100 elementor-top-column elementor-element elementor-element-a418c88\" data-id=\"a418c88\" data-element_type=\"column\">\n\t\t\t<div class=\"elementor-widget-wrap elementor-element-populated\">\n\t\t\t\t\t\t<section class=\"has_eae_slider elementor-section elementor-inner-section elementor-element elementor-element-ef7119a elementor-section-boxed elementor-section-height-default elementor-section-height-default\" data-id=\"ef7119a\" data-element_type=\"section\">\n\t\t\t\t\t\t<div class=\"elementor-container elementor-column-gap-default\">\n\t\t\t\t\t<div class=\"has_eae_slider elementor-column elementor-col-50 elementor-inner-column elementor-element elementor-element-c22979c\" data-id=\"c22979c\" data-element_type=\"column\">\n\t\t\t<div class=\"elementor-widget-wrap elementor-element-populated\">\n\t\t\t\t\t\t<div class=\"elementor-element elementor-element-59dd770 elementor-invisible elementor-widget elementor-widget-text-editor\" data-id=\"59dd770\" data-element_type=\"widget\" data-settings=\"{&quot;_animation&quot;:&quot;fadeInLeft&quot;}\" data-widget_type=\"text-editor.default\">\n\t\t\t\t<div class=\"elementor-widget-container\">\n\t\t\t\t\t\t\t\t\t<h1 style=\"text-align: center;\">Objetivo<\/h1><p>Coordinar las actividades de la Direcci\u00f3n General; as\u00ed como servir de enlace entre \u00e9sta y las dem\u00e1s unidades y dependencias que conforman la Corporaci\u00f3n de Salud, con las que coordinar\u00e1, planificar\u00e1 y programar\u00e1 el cumplimiento de las instrucciones impartidas por el Director o Directora General.<\/p>\t\t\t\t\t\t\t\t<\/div>\n\t\t\t\t<\/div>\n\t\t\t\t\t<\/div>\n\t\t<\/div>\n\t\t\t\t<div class=\"has_eae_slider elementor-column elementor-col-50 elementor-inner-column elementor-element elementor-element-a2a25b5\" data-id=\"a2a25b5\" data-element_type=\"column\">\n\t\t\t<div class=\"elementor-widget-wrap elementor-element-populated\">\n\t\t\t\t\t\t<div class=\"elementor-element elementor-element-cf5722d elementor-invisible elementor-widget elementor-widget-image\" data-id=\"cf5722d\" data-element_type=\"widget\" data-settings=\"{&quot;_animation&quot;:&quot;fadeInRight&quot;}\" data-widget_type=\"image.default\">\n\t\t\t\t<div class=\"elementor-widget-container\">\n\t\t\t\t\t\t\t\t\t\t\t\t\t\t\t<img fetchpriority=\"high\" decoding=\"async\" width=\"235\" height=\"231\" src=\"https:\/\/corposalud.merida.gob.ve\/wp-content\/uploads\/2018\/08\/objetivos.png\" class=\"attachment-large size-large wp-image-757\" alt=\"\" \/>\t\t\t\t\t\t\t\t\t\t\t\t\t\t\t<\/div>\n\t\t\t\t<\/div>\n\t\t\t\t\t<\/div>\n\t\t<\/div>\n\t\t\t\t\t<\/div>\n\t\t<\/section>\n\t\t\t\t<div class=\"elementor-element elementor-element-99c09ff elementor-invisible elementor-widget elementor-widget-text-editor\" data-id=\"99c09ff\" data-element_type=\"widget\" data-settings=\"{&quot;_animation&quot;:&quot;fadeInUp&quot;}\" data-widget_type=\"text-editor.default\">\n\t\t\t\t<div class=\"elementor-widget-container\">\n\t\t\t\t\t\t\t\t\t<h1 style=\"text-align: center;\">Funciones Espec\u00edficas<\/h1><p>\u2666 Organizar y coordinar las actividades de la Direcci\u00f3n General.<\/p><p>\u2666 Coordinar y efectuar el seguimiento inherente a la prestaci\u00f3n de apoyo que demande la Direcci\u00f3n General.<\/p><p>\u2666 Cumplir y hacer cumplir las instrucciones impartidas por el Director o Directora General a las unidades y dependencias de la Corporaci\u00f3n de Salud.<\/p><p>\u2666 Prestar apoyo en el \u00e1rea de su competencia a todas las unidades y dependencias de la Corporaci\u00f3n de Salud.<\/p><p>\u2666 Servir de enlace con las dem\u00e1s unidades y dependencias de la Corporaci\u00f3n de Salud, as\u00ed como en las relaciones con otras instituciones vinculadas con la salud.<\/p><p>\u2666 Preparar reuniones del Consejo Directivo convocadas y garantizar el registro de los acuerdos.<\/p><p>\u2666 Asistir al Director o Directora General en la preparaci\u00f3n de asuntos que deban someterse a la consideraci\u00f3n del ciudadano Ministro, del ciudadano Gobernador o del Consejo Directivo.<\/p><p>\u2666 Prestar apoyo log\u00edstico, en los eventos en los cuales participe el Director o Directora General.<\/p>\t\t\t\t\t\t\t\t<\/div>\n\t\t\t\t<\/div>\n\t\t\t\t\t<\/div>\n\t\t<\/div>\n\t\t\t\t\t<\/div>\n\t\t<\/section>\n\t\t\t\t<\/div>\n\t\t","protected":false},"excerpt":{"rendered":"<p>Coordinaci\u00f3n de Despacho Objetivo Coordinar las actividades de la Direcci\u00f3n General; as\u00ed como servir de enlace entre \u00e9sta y las dem\u00e1s unidades y dependencias que conforman la Corporaci\u00f3n de Salud, con las que coordinar\u00e1, planificar\u00e1 y programar\u00e1 el cumplimiento de las instrucciones impartidas por el Director o Directora General. Funciones Espec\u00edficas \u2666 Organizar y coordinar [&hellip;]<\/p>\n","protected":false},"author":4,"featured_media":0,"parent":0,"menu_order":0,"comment_status":"closed","ping_status":"closed","template":"elementor_header_footer","meta":{"_monsterinsights_skip_tracking":false,"_monsterinsights_sitenote_active":false,"_monsterinsights_sitenote_note":"","_monsterinsights_sitenote_category":0,"site-sidebar-layout":"default","site-content-layout":"","ast-site-content-layout":"default","site-content-style":"default","site-sidebar-style":"default","ast-global-header-display":"","ast-banner-title-visibility":"","ast-main-header-display":"","ast-hfb-above-header-display":"","ast-hfb-below-header-display":"","ast-hfb-mobile-header-display":"","site-post-title":"","ast-breadcrumbs-content":"","ast-featured-img":"","footer-sml-layout":"","ast-disable-related-posts":"","theme-transparent-header-meta":"","adv-header-id-meta":"","stick-header-meta":"","header-above-stick-meta":"","header-main-stick-meta":"","header-below-stick-meta":"","astra-migrate-meta-layouts":"default","ast-page-background-enabled":"default","ast-page-background-meta":{"desktop":{"background-color":"","background-image":"","background-repeat":"repeat","background-position":"center center","background-size":"auto","background-attachment":"scroll","background-type":"","background-media":"","overlay-type":"","overlay-color":"","overlay-opacity":"","overlay-gradient":""},"tablet":{"background-color":"","background-image":"","background-repeat":"repeat","background-position":"center center","background-size":"auto","background-attachment":"scroll","background-type":"","background-media":"","overlay-type":"","overlay-color":"","overlay-opacity":"","overlay-gradient":""},"mobile":{"background-color":"","background-image":"","background-repeat":"repeat","background-position":"center center","background-size":"auto","background-attachment":"scroll","background-type":"","background-media":"","overlay-type":"","overlay-color":"","overlay-opacity":"","overlay-gradient":""}},"ast-content-background-meta":{"desktop":{"background-color":"var(--ast-global-color-5)","background-image":"","background-repeat":"repeat","background-position":"center center","background-size":"auto","background-attachment":"scroll","background-type":"","background-media":"","overlay-type":"","overlay-color":"","overlay-opacity":"","overlay-gradient":""},"tablet":{"background-color":"var(--ast-global-color-5)","background-image":"","background-repeat":"repeat","background-position":"center center","background-size":"auto","background-attachment":"scroll","background-type":"","background-media":"","overlay-type":"","overlay-color":"","overlay-opacity":"","overlay-gradient":""},"mobile":{"background-color":"var(--ast-global-color-5)","background-image":"","background-repeat":"repeat","background-position":"center center","background-size":"auto","background-attachment":"scroll","background-type":"","background-media":"","overlay-type":"","overlay-color":"","overlay-opacity":"","overlay-gradient":""}},"footnotes":""},"class_list":["post-278","page","type-page","status-publish","hentry"],"aioseo_notices":[],"_links":{"self":[{"href":"https:\/\/corposalud.merida.gob.ve\/index.php\/wp-json\/wp\/v2\/pages\/278","targetHints":{"allow":["GET"]}}],"collection":[{"href":"https:\/\/corposalud.merida.gob.ve\/index.php\/wp-json\/wp\/v2\/pages"}],"about":[{"href":"https:\/\/corposalud.merida.gob.ve\/index.php\/wp-json\/wp\/v2\/types\/page"}],"author":[{"embeddable":true,"href":"https:\/\/corposalud.merida.gob.ve\/index.php\/wp-json\/wp\/v2\/users\/4"}],"replies":[{"embeddable":true,"href":"https:\/\/corposalud.merida.gob.ve\/index.php\/wp-json\/wp\/v2\/comments?post=278"}],"version-history":[{"count":0,"href":"https:\/\/corposalud.merida.gob.ve\/index.php\/wp-json\/wp\/v2\/pages\/278\/revisions"}],"wp:attachment":[{"href":"https:\/\/corposalud.merida.gob.ve\/index.php\/wp-json\/wp\/v2\/media?parent=278"}],"curies":[{"name":"wp","href":"https:\/\/api.w.org\/{rel}","templated":true}]}}