{"id":397,"date":"2018-07-26T13:01:10","date_gmt":"2018-07-26T13:01:10","guid":{"rendered":"https:\/\/corposalud.merida.gob.ve\/?page_id=397"},"modified":"2022-05-11T17:24:42","modified_gmt":"2022-05-11T17:24:42","slug":"coordinacion-de-informatica","status":"publish","type":"page","link":"https:\/\/corposalud.merida.gob.ve\/index.php\/coordinacion-de-informatica\/","title":{"rendered":"Coordinaci\u00f3n De Inform\u00e1tica"},"content":{"rendered":"\t\t<div data-elementor-type=\"wp-post\" data-elementor-id=\"397\" class=\"elementor elementor-397\" data-elementor-post-type=\"page\">\n\t\t\t\t\t\t<section class=\"has_eae_slider elementor-section elementor-top-section elementor-element elementor-element-5c60c506 elementor-section-stretched elementor-section-boxed elementor-section-height-default elementor-section-height-default\" data-id=\"5c60c506\" data-element_type=\"section\" data-settings=\"{&quot;stretch_section&quot;:&quot;section-stretched&quot;}\">\n\t\t\t\t\t\t<div class=\"elementor-container elementor-column-gap-default\">\n\t\t\t\t\t<div class=\"has_eae_slider elementor-column elementor-col-100 elementor-top-column elementor-element elementor-element-6d30fe59\" data-id=\"6d30fe59\" data-element_type=\"column\">\n\t\t\t<div class=\"elementor-widget-wrap elementor-element-populated\">\n\t\t\t\t\t\t<div class=\"elementor-element elementor-element-7a4589b elementor-invisible elementor-widget elementor-widget-heading\" data-id=\"7a4589b\" data-element_type=\"widget\" data-settings=\"{&quot;_animation&quot;:&quot;fadeInDown&quot;}\" data-widget_type=\"heading.default\">\n\t\t\t\t<div class=\"elementor-widget-container\">\n\t\t\t\t\t<h2 class=\"elementor-heading-title elementor-size-medium\">COORDINACI\u00d3N DE INFORM\u00c1TICA\u00a0CORPORACI\u00d3N DE SALUD DEL ESTADO M\u00c9RIDA<\/h2>\t\t\t\t<\/div>\n\t\t\t\t<\/div>\n\t\t\t\t<div class=\"elementor-element elementor-element-ca10286 elementor-widget elementor-widget-spacer\" data-id=\"ca10286\" data-element_type=\"widget\" data-widget_type=\"spacer.default\">\n\t\t\t\t<div class=\"elementor-widget-container\">\n\t\t\t\t\t\t\t<div class=\"elementor-spacer\">\n\t\t\t<div class=\"elementor-spacer-inner\"><\/div>\n\t\t<\/div>\n\t\t\t\t\t\t<\/div>\n\t\t\t\t<\/div>\n\t\t\t\t<section class=\"has_eae_slider elementor-section elementor-inner-section elementor-element elementor-element-f9ddca4 elementor-section-content-middle elementor-section-boxed elementor-section-height-default elementor-section-height-default\" data-id=\"f9ddca4\" data-element_type=\"section\">\n\t\t\t\t\t\t<div class=\"elementor-container elementor-column-gap-default\">\n\t\t\t\t\t<div class=\"has_eae_slider elementor-column elementor-col-50 elementor-inner-column elementor-element elementor-element-1f722ff\" data-id=\"1f722ff\" data-element_type=\"column\">\n\t\t\t<div class=\"elementor-widget-wrap elementor-element-populated\">\n\t\t\t\t\t\t<div class=\"elementor-element elementor-element-5b9b1d6 elementor-invisible elementor-widget elementor-widget-text-editor\" data-id=\"5b9b1d6\" data-element_type=\"widget\" data-settings=\"{&quot;_animation&quot;:&quot;fadeInLeft&quot;}\" data-widget_type=\"text-editor.default\">\n\t\t\t\t<div class=\"elementor-widget-container\">\n\t\t\t\t\t\t\t\t\t<h1 style=\"text-align: center;\">Objetivo<\/h1><p>Planificar y ejecutar de manera coordinada las pol\u00edticas y estrategias corporativas en el \u00e1rea de telem\u00e1tica, dirigiendo la implantaci\u00f3n de las tecnolog\u00edas de la informaci\u00f3n y sus medios de transmisi\u00f3n para mantener una plataforma de los sistemas y aplicaciones confiables y estables.<\/p>\t\t\t\t\t\t\t\t<\/div>\n\t\t\t\t<\/div>\n\t\t\t\t\t<\/div>\n\t\t<\/div>\n\t\t\t\t<div class=\"has_eae_slider elementor-column elementor-col-50 elementor-inner-column elementor-element elementor-element-54cfdea\" data-id=\"54cfdea\" data-element_type=\"column\">\n\t\t\t<div class=\"elementor-widget-wrap elementor-element-populated\">\n\t\t\t\t\t\t<div class=\"elementor-element elementor-element-f1ad94c elementor-invisible elementor-widget elementor-widget-image\" data-id=\"f1ad94c\" data-element_type=\"widget\" data-settings=\"{&quot;_animation&quot;:&quot;fadeInRight&quot;}\" data-widget_type=\"image.default\">\n\t\t\t\t<div class=\"elementor-widget-container\">\n\t\t\t\t\t\t\t\t\t\t\t\t\t\t\t<img fetchpriority=\"high\" decoding=\"async\" width=\"235\" height=\"231\" src=\"https:\/\/corposalud.merida.gob.ve\/wp-content\/uploads\/2018\/08\/objetivos.png\" class=\"attachment-full size-full wp-image-757\" alt=\"\" \/>\t\t\t\t\t\t\t\t\t\t\t\t\t\t\t<\/div>\n\t\t\t\t<\/div>\n\t\t\t\t\t<\/div>\n\t\t<\/div>\n\t\t\t\t\t<\/div>\n\t\t<\/section>\n\t\t\t\t<div class=\"elementor-element elementor-element-fe505df elementor-invisible elementor-widget elementor-widget-text-editor\" data-id=\"fe505df\" data-element_type=\"widget\" data-settings=\"{&quot;_animation&quot;:&quot;fadeInUp&quot;}\" data-widget_type=\"text-editor.default\">\n\t\t\t\t<div class=\"elementor-widget-container\">\n\t\t\t\t\t\t\t\t\t<h1 style=\"text-align: center;\">Funciones Espec\u00edficas<\/h1><p>\u2666 Administrar los sistemas de informaci\u00f3n, mediante el desarrollo, implementaci\u00f3n, respaldo y ejecuci\u00f3n del mantenimiento de sistemas de informaci\u00f3n y aplicaciones que apoyan la automatizaci\u00f3n de los procesos en el sector salud.<\/p><p>\u2666 Administrar y ejecutar mantenimiento de las Redes.<\/p><p>\u2666 Supervisar las bases de datos instaladas en las unidades y dependencias adscritas a la Corporaci\u00f3n de Salud del estado M\u00e9rida.<\/p><p>\u2666 Realizar mantenimiento preventivo y correctivo a los equipos de computaci\u00f3n instalados en las unidades y dependencias adscritas a la Corporaci\u00f3n de Salud del estado M\u00e9rida.<\/p><p>\u2666 Asesorar y apoyar t\u00e9cnicamente a los usuarios en el \u00e1rea de telem\u00e1tica: telecomunicaciones, sistemas de informaci\u00f3n, aplicaciones u otro software o hardware instalado para el buen funcionamiento de la instituci\u00f3n.<\/p><p>\u2666 Evaluar procedimientos, normas, paquetes o cualquier otra herramienta que permita lograr mayor productividad de los recursos humanos y materiales del \u00e1rea de inform\u00e1tica.<\/p><p>\u2666 Dise\u00f1ar e implementar estrategias para el desarrollo y logro del uso racional de los recursos t\u00e9cnicos del \u00e1rea de telem\u00e1tica.<\/p><p>\u2666 Asesorar a las autoridades en cuanto a la justificaci\u00f3n econ\u00f3mica, t\u00e9cnica y operativa de la adquisici\u00f3n de equipos y sistemas (hardware y software) en la Corporaci\u00f3n de Salud del estado M\u00e9rida y sus dependencias.<\/p><p>\u2666 Garantizar la integridad, veracidad, respaldo y oportunidad de la informaci\u00f3n registrada en los sistemas de informaci\u00f3n.<\/p><p>\u2666 Administrar la p\u00e1gina Web la Corporaci\u00f3n de Salud del estado M\u00e9rida y velar por su actualizaci\u00f3n continua.<\/p>\t\t\t\t\t\t\t\t<\/div>\n\t\t\t\t<\/div>\n\t\t\t\t\t<\/div>\n\t\t<\/div>\n\t\t\t\t\t<\/div>\n\t\t<\/section>\n\t\t\t\t<\/div>\n\t\t","protected":false},"excerpt":{"rendered":"<p>COORDINACI\u00d3N DE INFORM\u00c1TICA\u00a0CORPORACI\u00d3N DE SALUD DEL ESTADO M\u00c9RIDA Objetivo Planificar y ejecutar de manera coordinada las pol\u00edticas y estrategias corporativas en el \u00e1rea de telem\u00e1tica, dirigiendo la implantaci\u00f3n de las tecnolog\u00edas de la informaci\u00f3n y sus medios de transmisi\u00f3n para mantener una plataforma de los sistemas y aplicaciones confiables y estables. Funciones Espec\u00edficas \u2666 Administrar [&hellip;]<\/p>\n","protected":false},"author":4,"featured_media":0,"parent":0,"menu_order":0,"comment_status":"closed","ping_status":"closed","template":"elementor_header_footer","meta":{"_monsterinsights_skip_tracking":false,"_monsterinsights_sitenote_active":false,"_monsterinsights_sitenote_note":"","_monsterinsights_sitenote_category":0,"site-sidebar-layout":"default","site-content-layout":"","ast-site-content-layout":"default","site-content-style":"default","site-sidebar-style":"default","ast-global-header-display":"","ast-banner-title-visibility":"","ast-main-header-display":"","ast-hfb-above-header-display":"","ast-hfb-below-header-display":"","ast-hfb-mobile-header-display":"","site-post-title":"","ast-breadcrumbs-content":"","ast-featured-img":"","footer-sml-layout":"","ast-disable-related-posts":"","theme-transparent-header-meta":"","adv-header-id-meta":"","stick-header-meta":"","header-above-stick-meta":"","header-main-stick-meta":"","header-below-stick-meta":"","astra-migrate-meta-layouts":"default","ast-page-background-enabled":"default","ast-page-background-meta":{"desktop":{"background-color":"","background-image":"","background-repeat":"repeat","background-position":"center center","background-size":"auto","background-attachment":"scroll","background-type":"","background-media":"","overlay-type":"","overlay-color":"","overlay-opacity":"","overlay-gradient":""},"tablet":{"background-color":"","background-image":"","background-repeat":"repeat","background-position":"center center","background-size":"auto","background-attachment":"scroll","background-type":"","background-media":"","overlay-type":"","overlay-color":"","overlay-opacity":"","overlay-gradient":""},"mobile":{"background-color":"","background-image":"","background-repeat":"repeat","background-position":"center center","background-size":"auto","background-attachment":"scroll","background-type":"","background-media":"","overlay-type":"","overlay-color":"","overlay-opacity":"","overlay-gradient":""}},"ast-content-background-meta":{"desktop":{"background-color":"var(--ast-global-color-5)","background-image":"","background-repeat":"repeat","background-position":"center center","background-size":"auto","background-attachment":"scroll","background-type":"","background-media":"","overlay-type":"","overlay-color":"","overlay-opacity":"","overlay-gradient":""},"tablet":{"background-color":"var(--ast-global-color-5)","background-image":"","background-repeat":"repeat","background-position":"center center","background-size":"auto","background-attachment":"scroll","background-type":"","background-media":"","overlay-type":"","overlay-color":"","overlay-opacity":"","overlay-gradient":""},"mobile":{"background-color":"var(--ast-global-color-5)","background-image":"","background-repeat":"repeat","background-position":"center center","background-size":"auto","background-attachment":"scroll","background-type":"","background-media":"","overlay-type":"","overlay-color":"","overlay-opacity":"","overlay-gradient":""}},"footnotes":""},"class_list":["post-397","page","type-page","status-publish","hentry"],"aioseo_notices":[],"_links":{"self":[{"href":"https:\/\/corposalud.merida.gob.ve\/index.php\/wp-json\/wp\/v2\/pages\/397","targetHints":{"allow":["GET"]}}],"collection":[{"href":"https:\/\/corposalud.merida.gob.ve\/index.php\/wp-json\/wp\/v2\/pages"}],"about":[{"href":"https:\/\/corposalud.merida.gob.ve\/index.php\/wp-json\/wp\/v2\/types\/page"}],"author":[{"embeddable":true,"href":"https:\/\/corposalud.merida.gob.ve\/index.php\/wp-json\/wp\/v2\/users\/4"}],"replies":[{"embeddable":true,"href":"https:\/\/corposalud.merida.gob.ve\/index.php\/wp-json\/wp\/v2\/comments?post=397"}],"version-history":[{"count":0,"href":"https:\/\/corposalud.merida.gob.ve\/index.php\/wp-json\/wp\/v2\/pages\/397\/revisions"}],"wp:attachment":[{"href":"https:\/\/corposalud.merida.gob.ve\/index.php\/wp-json\/wp\/v2\/media?parent=397"}],"curies":[{"name":"wp","href":"https:\/\/api.w.org\/{rel}","templated":true}]}}