{"id":414,"date":"2018-07-26T13:50:44","date_gmt":"2018-07-26T13:50:44","guid":{"rendered":"https:\/\/corposalud.merida.gob.ve\/?page_id=414"},"modified":"2022-05-11T17:08:03","modified_gmt":"2022-05-11T17:08:03","slug":"consultoria-juridica","status":"publish","type":"page","link":"https:\/\/corposalud.merida.gob.ve\/index.php\/consultoria-juridica\/","title":{"rendered":"Consultor\u00eda Jur\u00eddica"},"content":{"rendered":"\t\t<div data-elementor-type=\"wp-post\" data-elementor-id=\"414\" class=\"elementor elementor-414\" data-elementor-post-type=\"page\">\n\t\t\t\t\t\t<section class=\"has_eae_slider elementor-section elementor-top-section elementor-element elementor-element-4314623 elementor-section-stretched elementor-section-boxed elementor-section-height-default elementor-section-height-default\" data-id=\"4314623\" data-element_type=\"section\" data-settings=\"{&quot;stretch_section&quot;:&quot;section-stretched&quot;}\">\n\t\t\t\t\t\t<div class=\"elementor-container elementor-column-gap-default\">\n\t\t\t\t\t<div class=\"has_eae_slider elementor-column elementor-col-100 elementor-top-column elementor-element elementor-element-86fa674\" data-id=\"86fa674\" data-element_type=\"column\">\n\t\t\t<div class=\"elementor-widget-wrap elementor-element-populated\">\n\t\t\t\t\t\t<div class=\"elementor-element elementor-element-f816e88 elementor-invisible elementor-widget elementor-widget-heading\" data-id=\"f816e88\" data-element_type=\"widget\" data-settings=\"{&quot;_animation&quot;:&quot;fadeInDown&quot;}\" data-widget_type=\"heading.default\">\n\t\t\t\t<div class=\"elementor-widget-container\">\n\t\t\t\t\t<h2 class=\"elementor-heading-title elementor-size-medium\">CONSULTOR\u00cdA JUR\u00cdDICA<\/h2>\t\t\t\t<\/div>\n\t\t\t\t<\/div>\n\t\t\t\t<div class=\"elementor-element elementor-element-6203e1b elementor-widget elementor-widget-spacer\" data-id=\"6203e1b\" data-element_type=\"widget\" data-widget_type=\"spacer.default\">\n\t\t\t\t<div class=\"elementor-widget-container\">\n\t\t\t\t\t\t\t<div class=\"elementor-spacer\">\n\t\t\t<div class=\"elementor-spacer-inner\"><\/div>\n\t\t<\/div>\n\t\t\t\t\t\t<\/div>\n\t\t\t\t<\/div>\n\t\t\t\t<section class=\"has_eae_slider elementor-section elementor-inner-section elementor-element elementor-element-3b1df51 elementor-section-content-middle elementor-section-boxed elementor-section-height-default elementor-section-height-default\" data-id=\"3b1df51\" data-element_type=\"section\">\n\t\t\t\t\t\t<div class=\"elementor-container elementor-column-gap-default\">\n\t\t\t\t\t<div class=\"has_eae_slider elementor-column elementor-col-50 elementor-inner-column elementor-element elementor-element-09743f5\" data-id=\"09743f5\" data-element_type=\"column\">\n\t\t\t<div class=\"elementor-widget-wrap elementor-element-populated\">\n\t\t\t\t\t\t<div class=\"elementor-element elementor-element-b81973e elementor-invisible elementor-widget elementor-widget-text-editor\" data-id=\"b81973e\" data-element_type=\"widget\" data-settings=\"{&quot;_animation&quot;:&quot;fadeInLeft&quot;}\" data-widget_type=\"text-editor.default\">\n\t\t\t\t<div class=\"elementor-widget-container\">\n\t\t\t\t\t\t\t\t\t<h1 style=\"text-align: center;\">Objetivo<\/h1><p>Velar que las pol\u00edticas, normas y lineamientos a implantarse cumplan con la normativa legal vigente; as\u00ed mismo garantizar la representaci\u00f3n oportuna en todos aquellos actos tanto en instancias administrativas como jurisdiccionales que requieran de su intervenci\u00f3n.<\/p>\t\t\t\t\t\t\t\t<\/div>\n\t\t\t\t<\/div>\n\t\t\t\t\t<\/div>\n\t\t<\/div>\n\t\t\t\t<div class=\"has_eae_slider elementor-column elementor-col-50 elementor-inner-column elementor-element elementor-element-ae6957f\" data-id=\"ae6957f\" data-element_type=\"column\">\n\t\t\t<div class=\"elementor-widget-wrap elementor-element-populated\">\n\t\t\t\t\t\t<div class=\"elementor-element elementor-element-94472bd elementor-invisible elementor-widget elementor-widget-image\" data-id=\"94472bd\" data-element_type=\"widget\" data-settings=\"{&quot;_animation&quot;:&quot;fadeInRight&quot;}\" data-widget_type=\"image.default\">\n\t\t\t\t<div class=\"elementor-widget-container\">\n\t\t\t\t\t\t\t\t\t\t\t\t\t\t\t<img fetchpriority=\"high\" decoding=\"async\" width=\"235\" height=\"231\" src=\"https:\/\/corposalud.merida.gob.ve\/wp-content\/uploads\/2018\/08\/objetivos.png\" class=\"attachment-large size-large wp-image-757\" alt=\"\" \/>\t\t\t\t\t\t\t\t\t\t\t\t\t\t\t<\/div>\n\t\t\t\t<\/div>\n\t\t\t\t\t<\/div>\n\t\t<\/div>\n\t\t\t\t\t<\/div>\n\t\t<\/section>\n\t\t\t\t<div class=\"elementor-element elementor-element-4d32246 elementor-invisible elementor-widget elementor-widget-text-editor\" data-id=\"4d32246\" data-element_type=\"widget\" data-settings=\"{&quot;_animation&quot;:&quot;fadeInUp&quot;}\" data-widget_type=\"text-editor.default\">\n\t\t\t\t<div class=\"elementor-widget-container\">\n\t\t\t\t\t\t\t\t\t<h1 style=\"text-align: center;\">Funciones Especificas<\/h1><p>\u2666 Asesorar jur\u00eddicamente a la Corporaci\u00f3n de Salud del estado M\u00e9rida y ejercer la direcci\u00f3n y coordinaci\u00f3n de los asuntos de contenido legal que sean sometidos a su consideraci\u00f3n.<\/p><p>\u2666Representar a la Corporaci\u00f3n de Salud ante las diferentes instancias administrativas o jurisdiccionales del Estado Venezolano.<\/p><p>\u2666Atender consultas que sobre la materia legal y reglamentaria le sean formuladas por la Direcci\u00f3n General, Consejo Directivo y dem\u00e1s dependencias o unidades; as\u00ed como en la pr\u00e1ctica de homologaci\u00f3n de normas t\u00e9cnicas operativas.<\/p><p>\u2666 Estudiar y dictaminar asuntos de tipo laboral y funcionarial que le sean requeridos.<\/p><p>\u2666Emitir opini\u00f3n, conforme a la normativa legal vigente, en la aplicaci\u00f3n de la sanci\u00f3n de destituci\u00f3n a los funcionarios p\u00fablicos de carrera.<\/p><p>\u2666Conocer y dictaminar sobre los recursos de reconsideraci\u00f3n y jer\u00e1rquicos interpuestos contra los actos administrativos emanados de la Corporaci\u00f3n de Salud.<\/p><p>\u2666Redactar contratos y documentos que requiera efectuar la Corporaci\u00f3n de Salud con los afiliados y terceros, tanto a personas jur\u00eddicas como naturales y tramitar su legalidad.<\/p><p>\u2666 Coordinar las relaciones de la Corporaci\u00f3n de Salud con la Procuradur\u00eda General del estado M\u00e9rida.<\/p><p>\u2666 Revisar los documentos relativos a los contratos y dem\u00e1s actos jur\u00eddicos en que deba intervenir la Corporaci\u00f3n de Salud, adem\u00e1s de tramitar la publicaci\u00f3n de dict\u00e1menes, estudios y dem\u00e1s informes escritos que se elaboren.<\/p><p>\u2666 Mantener actualizada la base de datos de las leyes, decretos, resoluciones, providencias, circulares y dem\u00e1s actos legales emitida por la Corporaci\u00f3n de Salud del estado M\u00e9rida, del Estado Bolivariano de M\u00e9rida y el Ejecutivo Nacional.<\/p>\t\t\t\t\t\t\t\t<\/div>\n\t\t\t\t<\/div>\n\t\t\t\t\t<\/div>\n\t\t<\/div>\n\t\t\t\t\t<\/div>\n\t\t<\/section>\n\t\t\t\t<\/div>\n\t\t","protected":false},"excerpt":{"rendered":"<p>CONSULTOR\u00cdA JUR\u00cdDICA Objetivo Velar que las pol\u00edticas, normas y lineamientos a implantarse cumplan con la normativa legal vigente; as\u00ed mismo garantizar la representaci\u00f3n oportuna en todos aquellos actos tanto en instancias administrativas como jurisdiccionales que requieran de su intervenci\u00f3n. Funciones Especificas \u2666 Asesorar jur\u00eddicamente a la Corporaci\u00f3n de Salud del estado M\u00e9rida y ejercer la [&hellip;]<\/p>\n","protected":false},"author":4,"featured_media":0,"parent":0,"menu_order":0,"comment_status":"closed","ping_status":"closed","template":"elementor_header_footer","meta":{"_monsterinsights_skip_tracking":false,"_monsterinsights_sitenote_active":false,"_monsterinsights_sitenote_note":"","_monsterinsights_sitenote_category":0,"site-sidebar-layout":"default","site-content-layout":"","ast-site-content-layout":"default","site-content-style":"default","site-sidebar-style":"default","ast-global-header-display":"","ast-banner-title-visibility":"","ast-main-header-display":"","ast-hfb-above-header-display":"","ast-hfb-below-header-display":"","ast-hfb-mobile-header-display":"","site-post-title":"","ast-breadcrumbs-content":"","ast-featured-img":"","footer-sml-layout":"","ast-disable-related-posts":"","theme-transparent-header-meta":"","adv-header-id-meta":"","stick-header-meta":"","header-above-stick-meta":"","header-main-stick-meta":"","header-below-stick-meta":"","astra-migrate-meta-layouts":"default","ast-page-background-enabled":"default","ast-page-background-meta":{"desktop":{"background-color":"","background-image":"","background-repeat":"repeat","background-position":"center center","background-size":"auto","background-attachment":"scroll","background-type":"","background-media":"","overlay-type":"","overlay-color":"","overlay-opacity":"","overlay-gradient":""},"tablet":{"background-color":"","background-image":"","background-repeat":"repeat","background-position":"center center","background-size":"auto","background-attachment":"scroll","background-type":"","background-media":"","overlay-type":"","overlay-color":"","overlay-opacity":"","overlay-gradient":""},"mobile":{"background-color":"","background-image":"","background-repeat":"repeat","background-position":"center center","background-size":"auto","background-attachment":"scroll","background-type":"","background-media":"","overlay-type":"","overlay-color":"","overlay-opacity":"","overlay-gradient":""}},"ast-content-background-meta":{"desktop":{"background-color":"var(--ast-global-color-5)","background-image":"","background-repeat":"repeat","background-position":"center center","background-size":"auto","background-attachment":"scroll","background-type":"","background-media":"","overlay-type":"","overlay-color":"","overlay-opacity":"","overlay-gradient":""},"tablet":{"background-color":"var(--ast-global-color-5)","background-image":"","background-repeat":"repeat","background-position":"center center","background-size":"auto","background-attachment":"scroll","background-type":"","background-media":"","overlay-type":"","overlay-color":"","overlay-opacity":"","overlay-gradient":""},"mobile":{"background-color":"var(--ast-global-color-5)","background-image":"","background-repeat":"repeat","background-position":"center center","background-size":"auto","background-attachment":"scroll","background-type":"","background-media":"","overlay-type":"","overlay-color":"","overlay-opacity":"","overlay-gradient":""}},"footnotes":""},"class_list":["post-414","page","type-page","status-publish","hentry"],"aioseo_notices":[],"_links":{"self":[{"href":"https:\/\/corposalud.merida.gob.ve\/index.php\/wp-json\/wp\/v2\/pages\/414","targetHints":{"allow":["GET"]}}],"collection":[{"href":"https:\/\/corposalud.merida.gob.ve\/index.php\/wp-json\/wp\/v2\/pages"}],"about":[{"href":"https:\/\/corposalud.merida.gob.ve\/index.php\/wp-json\/wp\/v2\/types\/page"}],"author":[{"embeddable":true,"href":"https:\/\/corposalud.merida.gob.ve\/index.php\/wp-json\/wp\/v2\/users\/4"}],"replies":[{"embeddable":true,"href":"https:\/\/corposalud.merida.gob.ve\/index.php\/wp-json\/wp\/v2\/comments?post=414"}],"version-history":[{"count":0,"href":"https:\/\/corposalud.merida.gob.ve\/index.php\/wp-json\/wp\/v2\/pages\/414\/revisions"}],"wp:attachment":[{"href":"https:\/\/corposalud.merida.gob.ve\/index.php\/wp-json\/wp\/v2\/media?parent=414"}],"curies":[{"name":"wp","href":"https:\/\/api.w.org\/{rel}","templated":true}]}}