{"id":432,"date":"2018-07-27T01:36:54","date_gmt":"2018-07-27T01:36:54","guid":{"rendered":"https:\/\/corposalud.merida.gob.ve\/?page_id=432"},"modified":"2022-05-11T16:25:13","modified_gmt":"2022-05-11T16:25:13","slug":"organigrama-micro-direccion-de-redes-de-salud-colectiva-y-salud-integral","status":"publish","type":"page","link":"https:\/\/corposalud.merida.gob.ve\/index.php\/organigrama-micro-direccion-de-redes-de-salud-colectiva-y-salud-integral\/","title":{"rendered":"Organigrama  Direcci\u00f3n De Redes  De Salud Colectiva Y Salud Integral"},"content":{"rendered":"\t\t<div data-elementor-type=\"wp-post\" data-elementor-id=\"432\" class=\"elementor elementor-432\" data-elementor-post-type=\"page\">\n\t\t\t\t\t\t<section class=\"has_eae_slider elementor-section elementor-top-section elementor-element elementor-element-61b6fed elementor-section-stretched elementor-section-boxed elementor-section-height-default elementor-section-height-default\" data-id=\"61b6fed\" data-element_type=\"section\" data-settings=\"{&quot;stretch_section&quot;:&quot;section-stretched&quot;}\">\n\t\t\t\t\t\t<div class=\"elementor-container elementor-column-gap-default\">\n\t\t\t\t\t<div class=\"has_eae_slider elementor-column elementor-col-100 elementor-top-column elementor-element elementor-element-d3ea318\" data-id=\"d3ea318\" data-element_type=\"column\">\n\t\t\t<div class=\"elementor-widget-wrap elementor-element-populated\">\n\t\t\t\t\t\t<div class=\"elementor-element elementor-element-0bb4bdb elementor-widget elementor-widget-heading\" data-id=\"0bb4bdb\" data-element_type=\"widget\" data-widget_type=\"heading.default\">\n\t\t\t\t<div class=\"elementor-widget-container\">\n\t\t\t\t\t<h2 class=\"elementor-heading-title elementor-size-medium\">Direcci\u00f3n De Redes De Salud Colectiva Y Salud Integral<\/h2>\t\t\t\t<\/div>\n\t\t\t\t<\/div>\n\t\t\t\t\t<\/div>\n\t\t<\/div>\n\t\t\t\t\t<\/div>\n\t\t<\/section>\n\t\t\t\t<section class=\"has_eae_slider elementor-section elementor-top-section elementor-element elementor-element-19b5e0e elementor-section-stretched elementor-section-boxed elementor-section-height-default elementor-section-height-default\" data-id=\"19b5e0e\" data-element_type=\"section\" data-settings=\"{&quot;stretch_section&quot;:&quot;section-stretched&quot;}\">\n\t\t\t\t\t\t<div class=\"elementor-container elementor-column-gap-default\">\n\t\t\t\t\t<div class=\"has_eae_slider elementor-column elementor-col-100 elementor-top-column elementor-element elementor-element-82bf43d\" data-id=\"82bf43d\" data-element_type=\"column\">\n\t\t\t<div class=\"elementor-widget-wrap elementor-element-populated\">\n\t\t\t\t\t\t<section class=\"has_eae_slider elementor-section elementor-inner-section elementor-element elementor-element-e5e0414 elementor-section-content-middle elementor-section-boxed elementor-section-height-default elementor-section-height-default\" data-id=\"e5e0414\" data-element_type=\"section\">\n\t\t\t\t\t\t<div class=\"elementor-container elementor-column-gap-default\">\n\t\t\t\t\t<div class=\"has_eae_slider elementor-column elementor-col-50 elementor-inner-column elementor-element elementor-element-6fdb232\" data-id=\"6fdb232\" data-element_type=\"column\">\n\t\t\t<div class=\"elementor-widget-wrap elementor-element-populated\">\n\t\t\t\t\t\t<div class=\"elementor-element elementor-element-da1ae5e elementor-invisible elementor-widget elementor-widget-text-editor\" data-id=\"da1ae5e\" data-element_type=\"widget\" data-settings=\"{&quot;_animation&quot;:&quot;fadeInLeft&quot;}\" data-widget_type=\"text-editor.default\">\n\t\t\t\t<div class=\"elementor-widget-container\">\n\t\t\t\t\t\t\t\t\t<h1 style=\"text-align: center;\">Objetivo<\/h1><p>Coordinar y evaluar la ejecuci\u00f3n de las pol\u00edticas, estrategias, planes generales, programas y proyectos en el \u00e1mbito del estado M\u00e9rida, dirigidos a preservar la salud p\u00fablica, mediante acciones de promoci\u00f3n y prevenci\u00f3n de enfermedades, de control ambiental y de cualquier otra que garantice la conservaci\u00f3n y recuperaci\u00f3n de las condiciones saludables de los individuos, de la colectividad y del ambiente.<\/p>\t\t\t\t\t\t\t\t<\/div>\n\t\t\t\t<\/div>\n\t\t\t\t\t<\/div>\n\t\t<\/div>\n\t\t\t\t<div class=\"has_eae_slider elementor-column elementor-col-50 elementor-inner-column elementor-element elementor-element-403e5f5\" data-id=\"403e5f5\" data-element_type=\"column\">\n\t\t\t<div class=\"elementor-widget-wrap elementor-element-populated\">\n\t\t\t\t\t\t<div class=\"elementor-element elementor-element-26211b7 elementor-invisible elementor-widget elementor-widget-image\" data-id=\"26211b7\" data-element_type=\"widget\" data-settings=\"{&quot;_animation&quot;:&quot;fadeInRight&quot;}\" data-widget_type=\"image.default\">\n\t\t\t\t<div class=\"elementor-widget-container\">\n\t\t\t\t\t\t\t\t\t\t\t\t\t\t\t<img fetchpriority=\"high\" decoding=\"async\" width=\"235\" height=\"231\" src=\"https:\/\/corposalud.merida.gob.ve\/wp-content\/uploads\/2018\/08\/objetivos.png\" class=\"attachment-large size-large wp-image-757\" alt=\"\" \/>\t\t\t\t\t\t\t\t\t\t\t\t\t\t\t<\/div>\n\t\t\t\t<\/div>\n\t\t\t\t\t<\/div>\n\t\t<\/div>\n\t\t\t\t\t<\/div>\n\t\t<\/section>\n\t\t\t\t<div class=\"elementor-element elementor-element-3f357f3 elementor-widget elementor-widget-text-editor\" data-id=\"3f357f3\" data-element_type=\"widget\" data-widget_type=\"text-editor.default\">\n\t\t\t\t<div class=\"elementor-widget-container\">\n\t\t\t\t\t\t\t\t\t<h1 style=\"text-align: center;\"><br \/>Funciones Espec\u00edficas<\/h1><p>\u2666 Ejercer las funciones de coordinaci\u00f3n y evaluaci\u00f3n en los \u00e1mbitos correspondientes a la red de salud colectiva y salud integral.<\/p><p>\u2666 Supervisar y evaluar la ejecuci\u00f3n de las pol\u00edticas, estrategias, planes generales, programas y proyectos relacionados con la red de salud colectiva y salud integral del estado M\u00e9rida.<\/p><p>\u2666 Asistir cuando le sea requerido al Consejo Directivo y presentar los informes, evaluaciones y opiniones.<\/p><p>\u2666 Someter a la decisi\u00f3n de la Direcci\u00f3n de Gesti\u00f3n M\u00e9dica-Administrativa los asuntos de su competencia en cuyas resultas tenga inter\u00e9s personal directo, por s\u00ed o a trav\u00e9s de terceras personas.<\/p><p><br \/>\u2666 Ejercer la supervisi\u00f3n del Sistema Estadal de Vigilancia Epidemiol\u00f3gica.<\/p><p><br \/>\u2666 Ejercer la supervisi\u00f3n de la Direcci\u00f3n de Salud Ambiental.<\/p><p><br \/>\u2666 Realizar estudios e investigaciones sobre el comportamiento de las variables determinantes de la situaci\u00f3n de salud.<\/p><p><br \/>\u2666 Formular, evaluar y dirigir los programas y proyectos de salud colectiva.<\/p><p><br \/>\u2666 Programar y regular las actividades dirigidas al control de los factores que constituyan riesgo para la salud, en los diferentes ambientes donde se desarrolla la actividad humana.<\/p><p><br \/>\u2666 Coordinar la gesti\u00f3n de todo el proceso requerido para garantizar la obtenci\u00f3n y calidad de datos e informaci\u00f3n que le son correspondientes, a los efectos de disponer de manera oportuna y \u00fatil, de los instrumentos de vigilancia y an\u00e1lisis para la atenci\u00f3n en salud.<\/p><p><br \/>\u2666 Supervisar las actividades de sus respectivas coordinaciones y dependencias, de acuerdo con las instrucciones de la Direcci\u00f3n General.<\/p>\t\t\t\t\t\t\t\t<\/div>\n\t\t\t\t<\/div>\n\t\t\t\t\t<\/div>\n\t\t<\/div>\n\t\t\t\t\t<\/div>\n\t\t<\/section>\n\t\t\t\t<\/div>\n\t\t","protected":false},"excerpt":{"rendered":"<p>Direcci\u00f3n De Redes De Salud Colectiva Y Salud Integral Objetivo Coordinar y evaluar la ejecuci\u00f3n de las pol\u00edticas, estrategias, planes generales, programas y proyectos en el \u00e1mbito del estado M\u00e9rida, dirigidos a preservar la salud p\u00fablica, mediante acciones de promoci\u00f3n y prevenci\u00f3n de enfermedades, de control ambiental y de cualquier otra que garantice la conservaci\u00f3n [&hellip;]<\/p>\n","protected":false},"author":4,"featured_media":0,"parent":0,"menu_order":0,"comment_status":"closed","ping_status":"closed","template":"elementor_header_footer","meta":{"_monsterinsights_skip_tracking":false,"_monsterinsights_sitenote_active":false,"_monsterinsights_sitenote_note":"","_monsterinsights_sitenote_category":0,"site-sidebar-layout":"default","site-content-layout":"","ast-site-content-layout":"default","site-content-style":"default","site-sidebar-style":"default","ast-global-header-display":"","ast-banner-title-visibility":"","ast-main-header-display":"","ast-hfb-above-header-display":"","ast-hfb-below-header-display":"","ast-hfb-mobile-header-display":"","site-post-title":"","ast-breadcrumbs-content":"","ast-featured-img":"","footer-sml-layout":"","ast-disable-related-posts":"","theme-transparent-header-meta":"","adv-header-id-meta":"","stick-header-meta":"","header-above-stick-meta":"","header-main-stick-meta":"","header-below-stick-meta":"","astra-migrate-meta-layouts":"default","ast-page-background-enabled":"default","ast-page-background-meta":{"desktop":{"background-color":"","background-image":"","background-repeat":"repeat","background-position":"center center","background-size":"auto","background-attachment":"scroll","background-type":"","background-media":"","overlay-type":"","overlay-color":"","overlay-opacity":"","overlay-gradient":""},"tablet":{"background-color":"","background-image":"","background-repeat":"repeat","background-position":"center center","background-size":"auto","background-attachment":"scroll","background-type":"","background-media":"","overlay-type":"","overlay-color":"","overlay-opacity":"","overlay-gradient":""},"mobile":{"background-color":"","background-image":"","background-repeat":"repeat","background-position":"center center","background-size":"auto","background-attachment":"scroll","background-type":"","background-media":"","overlay-type":"","overlay-color":"","overlay-opacity":"","overlay-gradient":""}},"ast-content-background-meta":{"desktop":{"background-color":"var(--ast-global-color-5)","background-image":"","background-repeat":"repeat","background-position":"center center","background-size":"auto","background-attachment":"scroll","background-type":"","background-media":"","overlay-type":"","overlay-color":"","overlay-opacity":"","overlay-gradient":""},"tablet":{"background-color":"var(--ast-global-color-5)","background-image":"","background-repeat":"repeat","background-position":"center center","background-size":"auto","background-attachment":"scroll","background-type":"","background-media":"","overlay-type":"","overlay-color":"","overlay-opacity":"","overlay-gradient":""},"mobile":{"background-color":"var(--ast-global-color-5)","background-image":"","background-repeat":"repeat","background-position":"center center","background-size":"auto","background-attachment":"scroll","background-type":"","background-media":"","overlay-type":"","overlay-color":"","overlay-opacity":"","overlay-gradient":""}},"footnotes":""},"class_list":["post-432","page","type-page","status-publish","hentry"],"aioseo_notices":[],"_links":{"self":[{"href":"https:\/\/corposalud.merida.gob.ve\/index.php\/wp-json\/wp\/v2\/pages\/432","targetHints":{"allow":["GET"]}}],"collection":[{"href":"https:\/\/corposalud.merida.gob.ve\/index.php\/wp-json\/wp\/v2\/pages"}],"about":[{"href":"https:\/\/corposalud.merida.gob.ve\/index.php\/wp-json\/wp\/v2\/types\/page"}],"author":[{"embeddable":true,"href":"https:\/\/corposalud.merida.gob.ve\/index.php\/wp-json\/wp\/v2\/users\/4"}],"replies":[{"embeddable":true,"href":"https:\/\/corposalud.merida.gob.ve\/index.php\/wp-json\/wp\/v2\/comments?post=432"}],"version-history":[{"count":0,"href":"https:\/\/corposalud.merida.gob.ve\/index.php\/wp-json\/wp\/v2\/pages\/432\/revisions"}],"wp:attachment":[{"href":"https:\/\/corposalud.merida.gob.ve\/index.php\/wp-json\/wp\/v2\/media?parent=432"}],"curies":[{"name":"wp","href":"https:\/\/api.w.org\/{rel}","templated":true}]}}