{"id":463,"date":"2018-07-27T14:37:18","date_gmt":"2018-07-27T14:37:18","guid":{"rendered":"https:\/\/corposalud.merida.gob.ve\/?page_id=463"},"modified":"2022-05-11T15:26:39","modified_gmt":"2022-05-11T15:26:39","slug":"organigrama-micro-direccion-de-planificacion-y-presupuesto","status":"publish","type":"page","link":"https:\/\/corposalud.merida.gob.ve\/index.php\/organigrama-micro-direccion-de-planificacion-y-presupuesto\/","title":{"rendered":"Organigrama Direcci\u00f3n De Planificaci\u00f3n Y Presupuesto"},"content":{"rendered":"\t\t<div data-elementor-type=\"wp-post\" data-elementor-id=\"463\" class=\"elementor elementor-463\" data-elementor-post-type=\"page\">\n\t\t\t\t\t\t<section class=\"has_eae_slider elementor-section elementor-top-section elementor-element elementor-element-c5bc009 elementor-section-stretched elementor-section-boxed elementor-section-height-default elementor-section-height-default\" data-id=\"c5bc009\" data-element_type=\"section\" data-settings=\"{&quot;stretch_section&quot;:&quot;section-stretched&quot;}\">\n\t\t\t\t\t\t<div class=\"elementor-container elementor-column-gap-default\">\n\t\t\t\t\t<div class=\"has_eae_slider elementor-column elementor-col-100 elementor-top-column elementor-element elementor-element-54ad94a\" data-id=\"54ad94a\" data-element_type=\"column\">\n\t\t\t<div class=\"elementor-widget-wrap elementor-element-populated\">\n\t\t\t\t\t\t<div class=\"elementor-element elementor-element-ed74140 elementor-invisible elementor-widget elementor-widget-heading\" data-id=\"ed74140\" data-element_type=\"widget\" data-settings=\"{&quot;_animation&quot;:&quot;fadeInDown&quot;}\" data-widget_type=\"heading.default\">\n\t\t\t\t<div class=\"elementor-widget-container\">\n\t\t\t\t\t<h2 class=\"elementor-heading-title elementor-size-medium\"> Direcci\u00f3n De Planificaci\u00f3n Y Presupuesto<\/h2>\t\t\t\t<\/div>\n\t\t\t\t<\/div>\n\t\t\t\t<div class=\"elementor-element elementor-element-f9dd325 elementor-widget elementor-widget-spacer\" data-id=\"f9dd325\" data-element_type=\"widget\" data-widget_type=\"spacer.default\">\n\t\t\t\t<div class=\"elementor-widget-container\">\n\t\t\t\t\t\t\t<div class=\"elementor-spacer\">\n\t\t\t<div class=\"elementor-spacer-inner\"><\/div>\n\t\t<\/div>\n\t\t\t\t\t\t<\/div>\n\t\t\t\t<\/div>\n\t\t\t\t\t<\/div>\n\t\t<\/div>\n\t\t\t\t\t<\/div>\n\t\t<\/section>\n\t\t\t\t<section class=\"has_eae_slider elementor-section elementor-top-section elementor-element elementor-element-eedd9e1 elementor-section-stretched elementor-section-content-middle elementor-section-boxed elementor-section-height-default elementor-section-height-default\" data-id=\"eedd9e1\" data-element_type=\"section\" data-settings=\"{&quot;stretch_section&quot;:&quot;section-stretched&quot;}\">\n\t\t\t\t\t\t<div class=\"elementor-container elementor-column-gap-default\">\n\t\t\t\t\t<div class=\"has_eae_slider elementor-column elementor-col-100 elementor-top-column elementor-element elementor-element-5be78ba\" data-id=\"5be78ba\" data-element_type=\"column\">\n\t\t\t<div class=\"elementor-widget-wrap elementor-element-populated\">\n\t\t\t\t\t\t<section class=\"has_eae_slider elementor-section elementor-inner-section elementor-element elementor-element-da79b43 elementor-section-content-middle elementor-section-boxed elementor-section-height-default elementor-section-height-default\" data-id=\"da79b43\" data-element_type=\"section\">\n\t\t\t\t\t\t<div class=\"elementor-container elementor-column-gap-default\">\n\t\t\t\t\t<div class=\"has_eae_slider elementor-column elementor-col-50 elementor-inner-column elementor-element elementor-element-93ed8b8\" data-id=\"93ed8b8\" data-element_type=\"column\">\n\t\t\t<div class=\"elementor-widget-wrap elementor-element-populated\">\n\t\t\t\t\t\t<div class=\"elementor-element elementor-element-9a08176 elementor-invisible elementor-widget elementor-widget-text-editor\" data-id=\"9a08176\" data-element_type=\"widget\" data-settings=\"{&quot;_animation&quot;:&quot;fadeInLeft&quot;}\" data-widget_type=\"text-editor.default\">\n\t\t\t\t<div class=\"elementor-widget-container\">\n\t\t\t\t\t\t\t\t\t<h1 style=\"text-align: center;\">Objetivo<\/h1><p>Planificar, controlar y evaluar todos los proyectos y acciones que ejecuta la Corporaci\u00f3n de Salud del estado M\u00e9rida, sus dependencias y entes adscritos en materia planificaci\u00f3n, organizaci\u00f3n y presupuesto, para satisfacer las necesidades que en materia de salud demanda la poblaci\u00f3n del estado M\u00e9rida, logrando desarrollar e implementar un sistema de salud eficiente.<\/p>\t\t\t\t\t\t\t\t<\/div>\n\t\t\t\t<\/div>\n\t\t\t\t\t<\/div>\n\t\t<\/div>\n\t\t\t\t<div class=\"has_eae_slider elementor-column elementor-col-50 elementor-inner-column elementor-element elementor-element-77074ef\" data-id=\"77074ef\" data-element_type=\"column\">\n\t\t\t<div class=\"elementor-widget-wrap elementor-element-populated\">\n\t\t\t\t\t\t<div class=\"elementor-element elementor-element-1ffa184 elementor-invisible elementor-widget elementor-widget-image\" data-id=\"1ffa184\" data-element_type=\"widget\" data-settings=\"{&quot;_animation&quot;:&quot;fadeInRight&quot;}\" data-widget_type=\"image.default\">\n\t\t\t\t<div class=\"elementor-widget-container\">\n\t\t\t\t\t\t\t\t\t\t\t\t\t\t\t<img fetchpriority=\"high\" decoding=\"async\" width=\"235\" height=\"231\" src=\"https:\/\/corposalud.merida.gob.ve\/wp-content\/uploads\/2018\/08\/objetivos.png\" class=\"attachment-large size-large wp-image-757\" alt=\"\" \/>\t\t\t\t\t\t\t\t\t\t\t\t\t\t\t<\/div>\n\t\t\t\t<\/div>\n\t\t\t\t\t<\/div>\n\t\t<\/div>\n\t\t\t\t\t<\/div>\n\t\t<\/section>\n\t\t\t\t<div class=\"elementor-element elementor-element-747e9f9 elementor-invisible elementor-widget elementor-widget-text-editor\" data-id=\"747e9f9\" data-element_type=\"widget\" data-settings=\"{&quot;_animation&quot;:&quot;fadeInUp&quot;}\" data-widget_type=\"text-editor.default\">\n\t\t\t\t<div class=\"elementor-widget-container\">\n\t\t\t\t\t\t\t\t\t<h1 style=\"text-align: center;\">Funciones Espec\u00edficas<\/h1><p>\u2666 Dise\u00f1ar e implementar el sistema de seguimiento, evaluaci\u00f3n y control de la pol\u00edtica presupuestaria de la Corporaci\u00f3n de Salud del estado M\u00e9rida y sus Dependencias.<\/p><p>\u2666 Coordinar y tramitar la programaci\u00f3n de compromisos y desembolsos del presupuesto del ejercicio fiscal correspondiente.<\/p><p>\u2666 Cumplir con el registro de la formulaci\u00f3n del presupuesto en el Sistema Integral de Administraci\u00f3n P\u00fablica, de acuerdo con los lineamientos de la Corporaci\u00f3n de Salud.<\/p><p>\u2666Coordinar con la Direcci\u00f3n de Administraci\u00f3n, en la preparaci\u00f3n del proyecto de las pol\u00edticas y dem\u00e1s orientaciones a ser seguidas por las dependencias de la corporaci\u00f3n, en la elaboraci\u00f3n de los planes a corto, mediano y largo plazo, del Plan Operativo Anual (POAN) y del Presupuesto de la Corporaci\u00f3n, as\u00ed como de sus entes dependientes.<\/p><p>\u2666 Coordinar la formulaci\u00f3n, control y evaluaci\u00f3n de la ejecuci\u00f3n presupuestaria con la Red Ambulatoria y Hospitalaria adscrita a la Corporaci\u00f3n de Salud.<\/p><p>\u2666 Elaborar, controlar y evaluar el anteproyecto de Presupuesto de la Corporaci\u00f3n adaptado a la normativa legal vigente, de conformidad con la Ley de Presupuesto vigente y la Ley Org\u00e1nica de Administraci\u00f3n Financiera del Sector P\u00fablico.<\/p><p>\u2666 Controlar la Ejecuci\u00f3n Presupuestaria de Gastos de Funcionamiento y Personal de los recursos provenientes de la Gobernaci\u00f3n del Estado M\u00e9rida y el Ministerio del Poder Popular para la Salud.<\/p><p>\u2666 Elaborar las Rendiciones de cuenta trimestral, tanto de Gastos de Personal como de Funcionamiento del uso de los recursos provenientes del Ministerio del Poder Popular para la Salud y del Ejecutivo del estado M\u00e9rida.<\/p><p>\u2666 Coordinar con la Direcci\u00f3n General las asignaciones presupuestarias que deber\u00e1n incluirse anualmente en los convenios de presupuesto coordinado suscritos entre la Gobernaci\u00f3n del estado M\u00e9rida y el Ministerio del Poder Popular Para la Salud.<\/p><p>\u2666 Coordinar y supervisar los estudios sobre funcionamiento y organizaci\u00f3n que permitan determinar la aplicaci\u00f3n de normas y procedimientos y estrategias de simplificaci\u00f3n de tr\u00e1mites administrativos, elaboraci\u00f3n y actualizaci\u00f3n de Manuales Administrativos.<\/p>\t\t\t\t\t\t\t\t<\/div>\n\t\t\t\t<\/div>\n\t\t\t\t\t<\/div>\n\t\t<\/div>\n\t\t\t\t\t<\/div>\n\t\t<\/section>\n\t\t\t\t<\/div>\n\t\t","protected":false},"excerpt":{"rendered":"<p>Direcci\u00f3n De Planificaci\u00f3n Y Presupuesto Objetivo Planificar, controlar y evaluar todos los proyectos y acciones que ejecuta la Corporaci\u00f3n de Salud del estado M\u00e9rida, sus dependencias y entes adscritos en materia planificaci\u00f3n, organizaci\u00f3n y presupuesto, para satisfacer las necesidades que en materia de salud demanda la poblaci\u00f3n del estado M\u00e9rida, logrando desarrollar e implementar un [&hellip;]<\/p>\n","protected":false},"author":4,"featured_media":0,"parent":0,"menu_order":0,"comment_status":"closed","ping_status":"closed","template":"elementor_header_footer","meta":{"_monsterinsights_skip_tracking":false,"_monsterinsights_sitenote_active":false,"_monsterinsights_sitenote_note":"","_monsterinsights_sitenote_category":0,"site-sidebar-layout":"default","site-content-layout":"","ast-site-content-layout":"default","site-content-style":"default","site-sidebar-style":"default","ast-global-header-display":"","ast-banner-title-visibility":"","ast-main-header-display":"","ast-hfb-above-header-display":"","ast-hfb-below-header-display":"","ast-hfb-mobile-header-display":"","site-post-title":"","ast-breadcrumbs-content":"","ast-featured-img":"","footer-sml-layout":"","ast-disable-related-posts":"","theme-transparent-header-meta":"","adv-header-id-meta":"","stick-header-meta":"","header-above-stick-meta":"","header-main-stick-meta":"","header-below-stick-meta":"","astra-migrate-meta-layouts":"default","ast-page-background-enabled":"default","ast-page-background-meta":{"desktop":{"background-color":"","background-image":"","background-repeat":"repeat","background-position":"center center","background-size":"auto","background-attachment":"scroll","background-type":"","background-media":"","overlay-type":"","overlay-color":"","overlay-opacity":"","overlay-gradient":""},"tablet":{"background-color":"","background-image":"","background-repeat":"repeat","background-position":"center center","background-size":"auto","background-attachment":"scroll","background-type":"","background-media":"","overlay-type":"","overlay-color":"","overlay-opacity":"","overlay-gradient":""},"mobile":{"background-color":"","background-image":"","background-repeat":"repeat","background-position":"center center","background-size":"auto","background-attachment":"scroll","background-type":"","background-media":"","overlay-type":"","overlay-color":"","overlay-opacity":"","overlay-gradient":""}},"ast-content-background-meta":{"desktop":{"background-color":"var(--ast-global-color-5)","background-image":"","background-repeat":"repeat","background-position":"center center","background-size":"auto","background-attachment":"scroll","background-type":"","background-media":"","overlay-type":"","overlay-color":"","overlay-opacity":"","overlay-gradient":""},"tablet":{"background-color":"var(--ast-global-color-5)","background-image":"","background-repeat":"repeat","background-position":"center center","background-size":"auto","background-attachment":"scroll","background-type":"","background-media":"","overlay-type":"","overlay-color":"","overlay-opacity":"","overlay-gradient":""},"mobile":{"background-color":"var(--ast-global-color-5)","background-image":"","background-repeat":"repeat","background-position":"center center","background-size":"auto","background-attachment":"scroll","background-type":"","background-media":"","overlay-type":"","overlay-color":"","overlay-opacity":"","overlay-gradient":""}},"footnotes":""},"class_list":["post-463","page","type-page","status-publish","hentry"],"aioseo_notices":[],"_links":{"self":[{"href":"https:\/\/corposalud.merida.gob.ve\/index.php\/wp-json\/wp\/v2\/pages\/463","targetHints":{"allow":["GET"]}}],"collection":[{"href":"https:\/\/corposalud.merida.gob.ve\/index.php\/wp-json\/wp\/v2\/pages"}],"about":[{"href":"https:\/\/corposalud.merida.gob.ve\/index.php\/wp-json\/wp\/v2\/types\/page"}],"author":[{"embeddable":true,"href":"https:\/\/corposalud.merida.gob.ve\/index.php\/wp-json\/wp\/v2\/users\/4"}],"replies":[{"embeddable":true,"href":"https:\/\/corposalud.merida.gob.ve\/index.php\/wp-json\/wp\/v2\/comments?post=463"}],"version-history":[{"count":0,"href":"https:\/\/corposalud.merida.gob.ve\/index.php\/wp-json\/wp\/v2\/pages\/463\/revisions"}],"wp:attachment":[{"href":"https:\/\/corposalud.merida.gob.ve\/index.php\/wp-json\/wp\/v2\/media?parent=463"}],"curies":[{"name":"wp","href":"https:\/\/api.w.org\/{rel}","templated":true}]}}