{"id":53,"date":"2018-07-19T14:09:32","date_gmt":"2018-07-19T14:09:32","guid":{"rendered":"https:\/\/corposalud.merida.gob.ve\/?page_id=53"},"modified":"2022-04-19T13:07:42","modified_gmt":"2022-04-19T13:07:42","slug":"mision-y-vision","status":"publish","type":"page","link":"https:\/\/corposalud.merida.gob.ve\/index.php\/mision-y-vision\/","title":{"rendered":"Misi\u00f3n y Visi\u00f3n"},"content":{"rendered":"\t\t<div data-elementor-type=\"wp-post\" data-elementor-id=\"53\" class=\"elementor elementor-53\" data-elementor-post-type=\"page\">\n\t\t\t\t\t\t<section class=\"has_eae_slider elementor-section elementor-top-section elementor-element elementor-element-ca60dd9 elementor-section-stretched elementor-section-boxed elementor-section-height-default elementor-section-height-default\" data-id=\"ca60dd9\" data-element_type=\"section\" data-settings=\"{&quot;stretch_section&quot;:&quot;section-stretched&quot;,&quot;background_background&quot;:&quot;classic&quot;}\">\n\t\t\t\t\t\t<div class=\"elementor-container elementor-column-gap-default\">\n\t\t\t\t\t<div class=\"has_eae_slider elementor-column elementor-col-100 elementor-top-column elementor-element elementor-element-c3c04f1\" data-id=\"c3c04f1\" data-element_type=\"column\">\n\t\t\t<div class=\"elementor-widget-wrap elementor-element-populated\">\n\t\t\t\t\t\t<div class=\"elementor-element elementor-element-e8dd4ac elementor-widget elementor-widget-spacer\" data-id=\"e8dd4ac\" data-element_type=\"widget\" data-widget_type=\"spacer.default\">\n\t\t\t\t<div class=\"elementor-widget-container\">\n\t\t\t\t\t\t\t<div class=\"elementor-spacer\">\n\t\t\t<div class=\"elementor-spacer-inner\"><\/div>\n\t\t<\/div>\n\t\t\t\t\t\t<\/div>\n\t\t\t\t<\/div>\n\t\t\t\t<div class=\"elementor-element elementor-element-602524b elementor-widget elementor-widget-heading\" data-id=\"602524b\" data-element_type=\"widget\" data-widget_type=\"heading.default\">\n\t\t\t\t<div class=\"elementor-widget-container\">\n\t\t\t\t\t<h2 class=\"elementor-heading-title elementor-size-medium\">Nosotros...<\/h2>\t\t\t\t<\/div>\n\t\t\t\t<\/div>\n\t\t\t\t<section class=\"has_eae_slider elementor-section elementor-inner-section elementor-element elementor-element-f1be5e1 elementor-section-boxed elementor-section-height-default elementor-section-height-default\" data-id=\"f1be5e1\" data-element_type=\"section\">\n\t\t\t\t\t\t<div class=\"elementor-container elementor-column-gap-default\">\n\t\t\t\t\t<div class=\"has_eae_slider elementor-column elementor-col-50 elementor-inner-column elementor-element elementor-element-187c9b3\" data-id=\"187c9b3\" data-element_type=\"column\">\n\t\t\t<div class=\"elementor-widget-wrap elementor-element-populated\">\n\t\t\t\t\t\t<div class=\"elementor-element elementor-element-90b2bff elementor-hidden-mobile elementor-widget elementor-widget-image\" data-id=\"90b2bff\" data-element_type=\"widget\" data-widget_type=\"image.default\">\n\t\t\t\t<div class=\"elementor-widget-container\">\n\t\t\t\t\t\t\t\t\t\t\t\t\t\t\t<img fetchpriority=\"high\" decoding=\"async\" width=\"728\" height=\"1024\" src=\"https:\/\/corposalud.merida.gob.ve\/wp-content\/uploads\/2022\/03\/ICONO-MISION.png\" class=\"attachment-large size-large wp-image-4940\" alt=\"\" \/>\t\t\t\t\t\t\t\t\t\t\t\t\t\t\t<\/div>\n\t\t\t\t<\/div>\n\t\t\t\t\t<\/div>\n\t\t<\/div>\n\t\t\t\t<div class=\"has_eae_slider elementor-column elementor-col-50 elementor-inner-column elementor-element elementor-element-84495ed\" data-id=\"84495ed\" data-element_type=\"column\">\n\t\t\t<div class=\"elementor-widget-wrap elementor-element-populated\">\n\t\t\t\t\t\t<div class=\"elementor-element elementor-element-66e807a elementor-widget elementor-widget-heading\" data-id=\"66e807a\" data-element_type=\"widget\" data-widget_type=\"heading.default\">\n\t\t\t\t<div class=\"elementor-widget-container\">\n\t\t\t\t\t<h2 class=\"elementor-heading-title elementor-size-default\">MISI\u00d3N<\/h2>\t\t\t\t<\/div>\n\t\t\t\t<\/div>\n\t\t\t\t<div class=\"elementor-element elementor-element-3c0c2dc elementor-widget elementor-widget-text-editor\" data-id=\"3c0c2dc\" data-element_type=\"widget\" data-widget_type=\"text-editor.default\">\n\t\t\t\t<div class=\"elementor-widget-container\">\n\t\t\t\t\t\t\t\t\tLa Corporaci\u00f3n de Salud del estado Bolivariano de M\u00e9rida, es un ente dependiente del Ejecutivo Nacional y Estadal, que promueve y garantiza el \u00f3ptimo funcionamiento del Sistema P\u00fablico Nacional de Salud en el estado Bolivariano de M\u00e9rida, orientado por las pol\u00edticas emanadas del Ministerio del Poder Popular para Salud, articulando todos los niveles de atenci\u00f3n y \u00e1mbitos del sistema de protecci\u00f3n, promoci\u00f3n, prevenci\u00f3n y atenci\u00f3n integral a la salud individual y colectiva, asegurando el derecho a la salud y el mayor bienestar social a la poblaci\u00f3n meride\u00f1a.\t\t\t\t\t\t\t\t<\/div>\n\t\t\t\t<\/div>\n\t\t\t\t<div class=\"elementor-element elementor-element-b5ff540 elementor-hidden-desktop elementor-hidden-tablet elementor-widget elementor-widget-image\" data-id=\"b5ff540\" data-element_type=\"widget\" data-widget_type=\"image.default\">\n\t\t\t\t<div class=\"elementor-widget-container\">\n\t\t\t\t\t\t\t\t\t\t\t\t\t\t\t<img fetchpriority=\"high\" decoding=\"async\" width=\"728\" height=\"1024\" src=\"https:\/\/corposalud.merida.gob.ve\/wp-content\/uploads\/2022\/03\/ICONO-MISION.png\" class=\"attachment-large size-large wp-image-4940\" alt=\"\" \/>\t\t\t\t\t\t\t\t\t\t\t\t\t\t\t<\/div>\n\t\t\t\t<\/div>\n\t\t\t\t\t<\/div>\n\t\t<\/div>\n\t\t\t\t\t<\/div>\n\t\t<\/section>\n\t\t\t\t<section class=\"has_eae_slider elementor-section elementor-inner-section elementor-element elementor-element-bb803e7 elementor-section-boxed elementor-section-height-default elementor-section-height-default\" data-id=\"bb803e7\" data-element_type=\"section\">\n\t\t\t\t\t\t<div class=\"elementor-container elementor-column-gap-default\">\n\t\t\t\t\t<div class=\"has_eae_slider elementor-column elementor-col-50 elementor-inner-column elementor-element elementor-element-ce741af\" data-id=\"ce741af\" data-element_type=\"column\">\n\t\t\t<div class=\"elementor-widget-wrap elementor-element-populated\">\n\t\t\t\t\t\t<div class=\"elementor-element elementor-element-c5fefd6 elementor-widget elementor-widget-heading\" data-id=\"c5fefd6\" data-element_type=\"widget\" data-widget_type=\"heading.default\">\n\t\t\t\t<div class=\"elementor-widget-container\">\n\t\t\t\t\t<h2 class=\"elementor-heading-title elementor-size-default\">VISI\u00d3N<\/h2>\t\t\t\t<\/div>\n\t\t\t\t<\/div>\n\t\t\t\t<div class=\"elementor-element elementor-element-8761a68 elementor-widget elementor-widget-text-editor\" data-id=\"8761a68\" data-element_type=\"widget\" data-widget_type=\"text-editor.default\">\n\t\t\t\t<div class=\"elementor-widget-container\">\n\t\t\t\t\t\t\t\t\tSer el ente impulsador de la conformaci\u00f3n del Sistema P\u00fablico Nacional de Salud en el estado Bolivariano de M\u00e9rida, a trav\u00e9s de la prestaci\u00f3n de servicios de salud con alta capacidad resolutiva en los Niveles de Atenci\u00f3n, fomentando y promoviendo los programas y pol\u00edticas de atenci\u00f3n integral al individuo, familia y comunidad, garantizando el respeto a la vida y el derecho a la salud.\t\t\t\t\t\t\t\t<\/div>\n\t\t\t\t<\/div>\n\t\t\t\t\t<\/div>\n\t\t<\/div>\n\t\t\t\t<div class=\"has_eae_slider elementor-column elementor-col-50 elementor-inner-column elementor-element elementor-element-81becbe\" data-id=\"81becbe\" data-element_type=\"column\">\n\t\t\t<div class=\"elementor-widget-wrap elementor-element-populated\">\n\t\t\t\t\t\t<div class=\"elementor-element elementor-element-b89100c elementor-widget elementor-widget-image\" data-id=\"b89100c\" data-element_type=\"widget\" data-widget_type=\"image.default\">\n\t\t\t\t<div class=\"elementor-widget-container\">\n\t\t\t\t\t\t\t\t\t\t\t\t\t\t\t<img decoding=\"async\" width=\"695\" height=\"942\" src=\"https:\/\/corposalud.merida.gob.ve\/wp-content\/uploads\/2022\/03\/ICONO-VISION.png\" class=\"attachment-large size-large wp-image-4942\" alt=\"\" \/>\t\t\t\t\t\t\t\t\t\t\t\t\t\t\t<\/div>\n\t\t\t\t<\/div>\n\t\t\t\t\t<\/div>\n\t\t<\/div>\n\t\t\t\t\t<\/div>\n\t\t<\/section>\n\t\t\t\t<section class=\"has_eae_slider elementor-section elementor-inner-section elementor-element elementor-element-7f42e39 elementor-section-boxed elementor-section-height-default elementor-section-height-default\" data-id=\"7f42e39\" data-element_type=\"section\">\n\t\t\t\t\t\t<div class=\"elementor-container elementor-column-gap-default\">\n\t\t\t\t\t<div class=\"has_eae_slider elementor-column elementor-col-50 elementor-inner-column elementor-element elementor-element-ce37efa\" data-id=\"ce37efa\" data-element_type=\"column\">\n\t\t\t<div class=\"elementor-widget-wrap elementor-element-populated\">\n\t\t\t\t\t\t<div class=\"elementor-element elementor-element-ce34a34 elementor-widget elementor-widget-image\" data-id=\"ce34a34\" data-element_type=\"widget\" data-widget_type=\"image.default\">\n\t\t\t\t<div class=\"elementor-widget-container\">\n\t\t\t\t\t\t\t\t\t\t\t\t\t\t\t<img decoding=\"async\" width=\"927\" height=\"1024\" src=\"https:\/\/corposalud.merida.gob.ve\/wp-content\/uploads\/2022\/01\/Logo-gobernacion-1-927x1024.png\" class=\"attachment-large size-large wp-image-4829\" alt=\"\" srcset=\"https:\/\/corposalud.merida.gob.ve\/wp-content\/uploads\/2022\/01\/Logo-gobernacion-1-927x1024.png 927w, https:\/\/corposalud.merida.gob.ve\/wp-content\/uploads\/2022\/01\/Logo-gobernacion-1-271x300.png 271w, https:\/\/corposalud.merida.gob.ve\/wp-content\/uploads\/2022\/01\/Logo-gobernacion-1-768x849.png 768w, https:\/\/corposalud.merida.gob.ve\/wp-content\/uploads\/2022\/01\/Logo-gobernacion-1.png 1352w\" sizes=\"(max-width: 927px) 100vw, 927px\" \/>\t\t\t\t\t\t\t\t\t\t\t\t\t\t\t<\/div>\n\t\t\t\t<\/div>\n\t\t\t\t\t<\/div>\n\t\t<\/div>\n\t\t\t\t<div class=\"has_eae_slider elementor-column elementor-col-50 elementor-inner-column elementor-element elementor-element-7cd3319\" data-id=\"7cd3319\" data-element_type=\"column\">\n\t\t\t<div class=\"elementor-widget-wrap elementor-element-populated\">\n\t\t\t\t\t\t<div class=\"elementor-element elementor-element-6058923 elementor-widget elementor-widget-text-editor\" data-id=\"6058923\" data-element_type=\"widget\" data-widget_type=\"text-editor.default\">\n\t\t\t\t<div class=\"elementor-widget-container\">\n\t\t\t\t\t\t\t\t\tDirigir y fortalecer los servicios de salud prestados en los Niveles de Atenci\u00f3n, contribuyendo con la promoci\u00f3n de la salud y prevenci\u00f3n de las enfermedades, garantizando el tratamiento oportuno y la prestaci\u00f3n de una atenci\u00f3n m\u00e9dica eficiente e integral, asegurando el derecho a la salud y el mayor bienestar social a la poblaci\u00f3n meride\u00f1a.\t\t\t\t\t\t\t\t<\/div>\n\t\t\t\t<\/div>\n\t\t\t\t\t<\/div>\n\t\t<\/div>\n\t\t\t\t\t<\/div>\n\t\t<\/section>\n\t\t\t\t<div class=\"elementor-element elementor-element-375cc68 elementor-widget elementor-widget-heading\" data-id=\"375cc68\" data-element_type=\"widget\" data-widget_type=\"heading.default\">\n\t\t\t\t<div class=\"elementor-widget-container\">\n\t\t\t\t\t<h2 class=\"elementor-heading-title elementor-size-default\">OBJETIVOS ESTRAT\u00c9GICOS<\/h2>\t\t\t\t<\/div>\n\t\t\t\t<\/div>\n\t\t\t\t<div class=\"elementor-element elementor-element-2d5a139 elementor-widget elementor-widget-text-editor\" data-id=\"2d5a139\" data-element_type=\"widget\" data-widget_type=\"text-editor.default\">\n\t\t\t\t<div class=\"elementor-widget-container\">\n\t\t\t\t\t\t\t\t\t<p class=\"MsoNormal\" style=\"margin: 0cm .15pt 19.95pt 10.55pt;\"><span lang=\"ES\" style=\"font-family: 'Times New Roman','serif'; mso-fareast-font-family: 'Times New Roman';\">\u2666<\/span><span lang=\"ES\"> Garantizar el derecho a la Salud, ejecutando pol\u00edticas orientadas a elevar la calidad de vida, el bienestar colectivo y acceso a los servicios de salud en el Estado M\u00e9rida.<\/span><\/p><p class=\"MsoNormal\" style=\"margin: 0cm .15pt 19.95pt 10.55pt;\"><span lang=\"ES\" style=\"font-family: 'Times New Roman','serif'; mso-fareast-font-family: 'Times New Roman';\">\u2666<\/span><span lang=\"ES\"> Fortalecer la ejecuci\u00f3n de los programas de salud preventivos y de rehabilitaci\u00f3n de manera integral, garantizando el mejoramiento de los servicios prestados por el Sistema Estadal de Salud.<\/span><\/p><p class=\"MsoNormal\" style=\"margin: 0cm .15pt 19.95pt 10.55pt;\"><span lang=\"ES\" style=\"font-family: 'Times New Roman','serif'; mso-fareast-font-family: 'Times New Roman';\">\u2666<\/span><span lang=\"ES\"> Establecer y ejecutar sistemas de control sanitario, epidemiol\u00f3gico y de saneamiento ambiental que garanticen la salud de las comunidades meride\u00f1as.<\/span><\/p><p class=\"MsoNormal\" style=\"margin: 0cm .15pt 8.0pt 10.55pt;\"><span lang=\"ES\" style=\"font-family: 'Times New Roman','serif'; mso-fareast-font-family: 'Times New Roman';\">\u2666<\/span><span lang=\"ES\"> Promover la participaci\u00f3n social en la salud, trabajando en conjunto con las comunidades, creando conciencia social en los ciudadanos y ciudadanas que las integran.<\/span><\/p>\t\t\t\t\t\t\t\t<\/div>\n\t\t\t\t<\/div>\n\t\t\t\t<div class=\"elementor-element elementor-element-351c3a0 elementor-widget elementor-widget-spacer\" data-id=\"351c3a0\" data-element_type=\"widget\" data-widget_type=\"spacer.default\">\n\t\t\t\t<div class=\"elementor-widget-container\">\n\t\t\t\t\t\t\t<div class=\"elementor-spacer\">\n\t\t\t<div class=\"elementor-spacer-inner\"><\/div>\n\t\t<\/div>\n\t\t\t\t\t\t<\/div>\n\t\t\t\t<\/div>\n\t\t\t\t\t<\/div>\n\t\t<\/div>\n\t\t\t\t\t<\/div>\n\t\t<\/section>\n\t\t\t\t<\/div>\n\t\t","protected":false},"excerpt":{"rendered":"<p>Nosotros&#8230; MISI\u00d3N La Corporaci\u00f3n de Salud del estado Bolivariano de M\u00e9rida, es un ente dependiente del Ejecutivo Nacional y Estadal, que promueve y garantiza el \u00f3ptimo funcionamiento del Sistema P\u00fablico Nacional de Salud en el estado Bolivariano de M\u00e9rida, orientado por las pol\u00edticas emanadas del Ministerio del Poder Popular para Salud, articulando todos los niveles [&hellip;]<\/p>\n","protected":false},"author":4,"featured_media":0,"parent":0,"menu_order":0,"comment_status":"closed","ping_status":"closed","template":"elementor_header_footer","meta":{"_monsterinsights_skip_tracking":false,"_monsterinsights_sitenote_active":false,"_monsterinsights_sitenote_note":"","_monsterinsights_sitenote_category":0,"site-sidebar-layout":"default","site-content-layout":"","ast-site-content-layout":"default","site-content-style":"default","site-sidebar-style":"default","ast-global-header-display":"","ast-banner-title-visibility":"","ast-main-header-display":"","ast-hfb-above-header-display":"","ast-hfb-below-header-display":"","ast-hfb-mobile-header-display":"","site-post-title":"","ast-breadcrumbs-content":"","ast-featured-img":"","footer-sml-layout":"","ast-disable-related-posts":"","theme-transparent-header-meta":"","adv-header-id-meta":"","stick-header-meta":"","header-above-stick-meta":"","header-main-stick-meta":"","header-below-stick-meta":"","astra-migrate-meta-layouts":"default","ast-page-background-enabled":"default","ast-page-background-meta":{"desktop":{"background-color":"","background-image":"","background-repeat":"repeat","background-position":"center center","background-size":"auto","background-attachment":"scroll","background-type":"","background-media":"","overlay-type":"","overlay-color":"","overlay-opacity":"","overlay-gradient":""},"tablet":{"background-color":"","background-image":"","background-repeat":"repeat","background-position":"center center","background-size":"auto","background-attachment":"scroll","background-type":"","background-media":"","overlay-type":"","overlay-color":"","overlay-opacity":"","overlay-gradient":""},"mobile":{"background-color":"","background-image":"","background-repeat":"repeat","background-position":"center center","background-size":"auto","background-attachment":"scroll","background-type":"","background-media":"","overlay-type":"","overlay-color":"","overlay-opacity":"","overlay-gradient":""}},"ast-content-background-meta":{"desktop":{"background-color":"var(--ast-global-color-5)","background-image":"","background-repeat":"repeat","background-position":"center center","background-size":"auto","background-attachment":"scroll","background-type":"","background-media":"","overlay-type":"","overlay-color":"","overlay-opacity":"","overlay-gradient":""},"tablet":{"background-color":"var(--ast-global-color-5)","background-image":"","background-repeat":"repeat","background-position":"center center","background-size":"auto","background-attachment":"scroll","background-type":"","background-media":"","overlay-type":"","overlay-color":"","overlay-opacity":"","overlay-gradient":""},"mobile":{"background-color":"var(--ast-global-color-5)","background-image":"","background-repeat":"repeat","background-position":"center center","background-size":"auto","background-attachment":"scroll","background-type":"","background-media":"","overlay-type":"","overlay-color":"","overlay-opacity":"","overlay-gradient":""}},"footnotes":""},"class_list":["post-53","page","type-page","status-publish","hentry"],"aioseo_notices":[],"_links":{"self":[{"href":"https:\/\/corposalud.merida.gob.ve\/index.php\/wp-json\/wp\/v2\/pages\/53","targetHints":{"allow":["GET"]}}],"collection":[{"href":"https:\/\/corposalud.merida.gob.ve\/index.php\/wp-json\/wp\/v2\/pages"}],"about":[{"href":"https:\/\/corposalud.merida.gob.ve\/index.php\/wp-json\/wp\/v2\/types\/page"}],"author":[{"embeddable":true,"href":"https:\/\/corposalud.merida.gob.ve\/index.php\/wp-json\/wp\/v2\/users\/4"}],"replies":[{"embeddable":true,"href":"https:\/\/corposalud.merida.gob.ve\/index.php\/wp-json\/wp\/v2\/comments?post=53"}],"version-history":[{"count":0,"href":"https:\/\/corposalud.merida.gob.ve\/index.php\/wp-json\/wp\/v2\/pages\/53\/revisions"}],"wp:attachment":[{"href":"https:\/\/corposalud.merida.gob.ve\/index.php\/wp-json\/wp\/v2\/media?parent=53"}],"curies":[{"name":"wp","href":"https:\/\/api.w.org\/{rel}","templated":true}]}}