{"id":6113,"date":"2022-05-15T09:59:48","date_gmt":"2022-05-15T09:59:48","guid":{"rendered":"https:\/\/corposalud.merida.gob.ve\/?page_id=6113"},"modified":"2023-06-08T12:01:14","modified_gmt":"2023-06-08T16:01:14","slug":"llamado-a-concurso-abierto-productos-farmaceuticos-y-medicamentos-2","status":"publish","type":"page","link":"https:\/\/corposalud.merida.gob.ve\/index.php\/llamado-a-concurso-abierto-productos-farmaceuticos-y-medicamentos-2\/","title":{"rendered":"LLAMADO A CONCURSO ABIERTO PROCESO N\u00b0 CPSM\/CA\/001-2023"},"content":{"rendered":"\t\t<div data-elementor-type=\"wp-page\" data-elementor-id=\"6113\" class=\"elementor elementor-6113\" data-elementor-post-type=\"page\">\n\t\t\t\t\t\t<section class=\"has_eae_slider elementor-section elementor-top-section elementor-element elementor-element-83f4a9e elementor-section-boxed elementor-section-height-default elementor-section-height-default\" data-id=\"83f4a9e\" data-element_type=\"section\">\n\t\t\t\t\t\t<div class=\"elementor-container elementor-column-gap-default\">\n\t\t\t\t\t<div class=\"has_eae_slider elementor-column elementor-col-100 elementor-top-column elementor-element elementor-element-28453c2\" data-id=\"28453c2\" data-element_type=\"column\">\n\t\t\t<div class=\"elementor-widget-wrap elementor-element-populated\">\n\t\t\t\t\t\t<div class=\"elementor-element elementor-element-a95aa62 elementor-widget elementor-widget-heading\" data-id=\"a95aa62\" data-element_type=\"widget\" data-widget_type=\"heading.default\">\n\t\t\t\t<div class=\"elementor-widget-container\">\n\t\t\t\t\t<h2 class=\"elementor-heading-title elementor-size-default\">REPUBLICA BOLIVARIANA DE VENEZUELA\nCORPORACION DE SALUD DEL ESTADO MERIDA\nLLAMADO A CONCURSO ABIERTO\nPROCESO N\u00ba CPSM\/CA\/001-2023\n<\/h2>\t\t\t\t<\/div>\n\t\t\t\t<\/div>\n\t\t\t\t<div class=\"elementor-element elementor-element-45a9b3f elementor-widget elementor-widget-text-editor\" data-id=\"45a9b3f\" data-element_type=\"widget\" data-widget_type=\"text-editor.default\">\n\t\t\t\t<div class=\"elementor-widget-container\">\n\t\t\t\t\t\t\t\t\t<p>El presente llamado se fundamenta en lo dispuesto en el art\u00edculo 77, numeral 1 y los art\u00edculos 78, 79 y 80 del Decreto con Rango, Valor y Fuerza de Ley de Contrataciones P\u00fablicas, publicado en la Gaceta Oficial de la Rep\u00fablica Bolivariana de Venezuela N\u00ba 6.154 Extraordinario de fecha 19 de noviembre de 2014.<\/p>\t\t\t\t\t\t\t\t<\/div>\n\t\t\t\t<\/div>\n\t\t\t\t<div class=\"elementor-element elementor-element-cd85230 elementor-widget elementor-widget-text-editor\" data-id=\"cd85230\" data-element_type=\"widget\" data-widget_type=\"text-editor.default\">\n\t\t\t\t<div class=\"elementor-widget-container\">\n\t\t\t\t\t\t\t\t\t<p><strong>INFORMACION GENERAL<\/strong><\/p>\n<p>Procedimiento que se rige por el art\u00edculo 78, numeral 1 del Decreto con Rango, Valor y Fuerza de Ley de Contrataciones P\u00fablicas. Acto \u00fanico de recepci\u00f3n y apertura de sobre contentivo de: manifestaci\u00f3n de voluntad de participar, documentos de calificaci\u00f3n y ofertas.<\/p>\n<p><strong>ACTIVIDAD:\u00a0<\/strong>Adquisici\u00f3n de bienes.<\/p>\n<p><strong><u>Objeto:<\/u><\/strong><strong> \u201cADQUISIC\u00d3N DE ALIMENTOS Y BEBIDAS PARA LA CORPORACI\u00d3N DE SALUD DEL ESTADO BOLIVARIANO DE M\u00c9RIDA\u201d\u00a0 <\/strong><\/p>\n<p><strong>DISPONIBILIDAD Y LUGAR DE RETIRO DEL PLIEGO<\/strong><\/p>\t\t\t\t\t\t\t\t<\/div>\n\t\t\t\t<\/div>\n\t\t\t\t<div class=\"elementor-element elementor-element-4f3c42c elementor-widget elementor-widget-text-editor\" data-id=\"4f3c42c\" data-element_type=\"widget\" data-widget_type=\"text-editor.default\">\n\t\t\t\t<div class=\"elementor-widget-container\">\n\t\t\t\t\t\t\t\t\t<p><strong><u>Lugar:<\/u><\/strong> Sal\u00f3n de Reuniones del Edificio Sede, ubicado en la Avenida Urdaneta, Casa N\u00ba S\/N del Municipio Libertador del Estado Bolivariano de M\u00e9rida. Tel\u00e9fono 0274 263.30.14<\/p>\n<p><br \/><strong>INFORMACI\u00d3N DEL COSTO DEL PLIEGO:<\/strong> SIN COSTO<br \/><br \/><strong>PERIODOS DE ACLARATORIAS:<\/strong><\/p>\t\t\t\t\t\t\t\t<\/div>\n\t\t\t\t<\/div>\n\t\t\t\t<div class=\"elementor-element elementor-element-7b4a677 elementor-widget elementor-widget-text-editor\" data-id=\"7b4a677\" data-element_type=\"widget\" data-widget_type=\"text-editor.default\">\n\t\t\t\t<div class=\"elementor-widget-container\">\n\t\t\t\t\t\t\t\t\t<ul>\n<li><strong>Acto \u00fanico de recepci\u00f3n y apertura de sobre<\/strong><\/li>\n<\/ul>\n<p>Se realizar\u00e1 el d\u00eda 15 de junio de 2023 a las 9: 00 am<\/p>\n<p>\u00a0<\/p>\n<p>\u00a0<\/p>\t\t\t\t\t\t\t\t<\/div>\n\t\t\t\t<\/div>\n\t\t\t\t<div class=\"elementor-element elementor-element-4713ef7 elementor-widget elementor-widget-text-editor\" data-id=\"4713ef7\" data-element_type=\"widget\" data-widget_type=\"text-editor.default\">\n\t\t\t\t<div class=\"elementor-widget-container\">\n\t\t\t\t\t\t\t\t\t<p><strong>COMISI\u00d3N DE CONTRATACIONES P\u00daBLICAS<\/strong><\/p>\n<p><strong>CORPORACI\u00d3N DE SALUD DEL ESTADO BOLIVARIANO DE M\u00c9RIDA<\/strong><\/p>\t\t\t\t\t\t\t\t<\/div>\n\t\t\t\t<\/div>\n\t\t\t\t<div class=\"elementor-element elementor-element-3ea2cd1 elementor-widget elementor-widget-text-editor\" data-id=\"3ea2cd1\" data-element_type=\"widget\" data-widget_type=\"text-editor.default\">\n\t\t\t\t<div class=\"elementor-widget-container\">\n\t\t\t\t\t\t\t\t\t<p>Descargar documento en <a href=\"https:\/\/corposalud.merida.gob.ve\/wp-content\/uploads\/2023\/06\/LLAMADO-A-CONCURSO-PROC-No-001CSEBM001-CA-1.pdf\" target=\"_blank\" rel=\"noopener\">PDF<\/a><\/p>\t\t\t\t\t\t\t\t<\/div>\n\t\t\t\t<\/div>\n\t\t\t\t\t<\/div>\n\t\t<\/div>\n\t\t\t\t\t<\/div>\n\t\t<\/section>\n\t\t\t\t<\/div>\n\t\t","protected":false},"excerpt":{"rendered":"<p>REPUBLICA BOLIVARIANA DE VENEZUELA CORPORACION DE SALUD DEL ESTADO MERIDA LLAMADO A CONCURSO ABIERTO PROCESO N\u00ba CPSM\/CA\/001-2023 El presente llamado se fundamenta en lo dispuesto en el art\u00edculo 77, numeral 1 y los art\u00edculos 78, 79 y 80 del Decreto con Rango, Valor y Fuerza de Ley de Contrataciones P\u00fablicas, publicado en la Gaceta Oficial [&hellip;]<\/p>\n","protected":false},"author":4,"featured_media":0,"parent":0,"menu_order":0,"comment_status":"closed","ping_status":"closed","template":"","meta":{"_monsterinsights_skip_tracking":false,"_monsterinsights_sitenote_active":false,"_monsterinsights_sitenote_note":"","_monsterinsights_sitenote_category":0,"site-sidebar-layout":"no-sidebar","site-content-layout":"page-builder","ast-site-content-layout":"default","site-content-style":"default","site-sidebar-style":"default","ast-global-header-display":"","ast-banner-title-visibility":"","ast-main-header-display":"","ast-hfb-above-header-display":"","ast-hfb-below-header-display":"","ast-hfb-mobile-header-display":"","site-post-title":"disabled","ast-breadcrumbs-content":"","ast-featured-img":"disabled","footer-sml-layout":"","ast-disable-related-posts":"","theme-transparent-header-meta":"default","adv-header-id-meta":"","stick-header-meta":"","header-above-stick-meta":"","header-main-stick-meta":"","header-below-stick-meta":"","astra-migrate-meta-layouts":"default","ast-page-background-enabled":"default","ast-page-background-meta":{"desktop":{"background-color":"","background-image":"","background-repeat":"repeat","background-position":"center center","background-size":"auto","background-attachment":"scroll","background-type":"","background-media":"","overlay-type":"","overlay-color":"","overlay-opacity":"","overlay-gradient":""},"tablet":{"background-color":"","background-image":"","background-repeat":"repeat","background-position":"center center","background-size":"auto","background-attachment":"scroll","background-type":"","background-media":"","overlay-type":"","overlay-color":"","overlay-opacity":"","overlay-gradient":""},"mobile":{"background-color":"","background-image":"","background-repeat":"repeat","background-position":"center center","background-size":"auto","background-attachment":"scroll","background-type":"","background-media":"","overlay-type":"","overlay-color":"","overlay-opacity":"","overlay-gradient":""}},"ast-content-background-meta":{"desktop":{"background-color":"var(--ast-global-color-5)","background-image":"","background-repeat":"repeat","background-position":"center center","background-size":"auto","background-attachment":"scroll","background-type":"","background-media":"","overlay-type":"","overlay-color":"","overlay-opacity":"","overlay-gradient":""},"tablet":{"background-color":"var(--ast-global-color-5)","background-image":"","background-repeat":"repeat","background-position":"center center","background-size":"auto","background-attachment":"scroll","background-type":"","background-media":"","overlay-type":"","overlay-color":"","overlay-opacity":"","overlay-gradient":""},"mobile":{"background-color":"var(--ast-global-color-5)","background-image":"","background-repeat":"repeat","background-position":"center center","background-size":"auto","background-attachment":"scroll","background-type":"","background-media":"","overlay-type":"","overlay-color":"","overlay-opacity":"","overlay-gradient":""}},"footnotes":""},"class_list":["post-6113","page","type-page","status-publish","hentry"],"aioseo_notices":[],"_links":{"self":[{"href":"https:\/\/corposalud.merida.gob.ve\/index.php\/wp-json\/wp\/v2\/pages\/6113","targetHints":{"allow":["GET"]}}],"collection":[{"href":"https:\/\/corposalud.merida.gob.ve\/index.php\/wp-json\/wp\/v2\/pages"}],"about":[{"href":"https:\/\/corposalud.merida.gob.ve\/index.php\/wp-json\/wp\/v2\/types\/page"}],"author":[{"embeddable":true,"href":"https:\/\/corposalud.merida.gob.ve\/index.php\/wp-json\/wp\/v2\/users\/4"}],"replies":[{"embeddable":true,"href":"https:\/\/corposalud.merida.gob.ve\/index.php\/wp-json\/wp\/v2\/comments?post=6113"}],"version-history":[{"count":17,"href":"https:\/\/corposalud.merida.gob.ve\/index.php\/wp-json\/wp\/v2\/pages\/6113\/revisions"}],"predecessor-version":[{"id":6907,"href":"https:\/\/corposalud.merida.gob.ve\/index.php\/wp-json\/wp\/v2\/pages\/6113\/revisions\/6907"}],"wp:attachment":[{"href":"https:\/\/corposalud.merida.gob.ve\/index.php\/wp-json\/wp\/v2\/media?parent=6113"}],"curies":[{"name":"wp","href":"https:\/\/api.w.org\/{rel}","templated":true}]}}